{"id":310,"date":"2023-11-09T13:41:39","date_gmt":"2023-11-09T13:41:39","guid":{"rendered":"http:\/\/mib40.loc\/?page_id=310"},"modified":"2023-11-09T14:07:00","modified_gmt":"2023-11-09T14:07:00","slug":"privacy-policy","status":"publish","type":"page","link":"https:\/\/arcticalimited.com\/de\/privacy-policy\/","title":{"rendered":"Privacy policy"},"content":{"rendered":"<section class=\"fullsize\">\n<div class=\"row\" style=\"margin-top:  100px;margin-bottom:100px;\">\n<div class=\"col-sm-2\">\n<ul class=\"\" style=\"padding-bottom: 50px;\">\n<li class=\" \"><a href=\"\/de\/terms-and-conditions\/\" class=\"leftmm\"><font style=\"vertical-align: inherit;\"><font style=\"vertical-align: inherit;\">Terms &amp; Bedingungen<\/font><\/font><\/a><\/li>\n<li class=\" \"><a href=\"\/de\/privacy-policy\/\" class=\"leftmm\"><font style=\"vertical-align: inherit;\"><font style=\"vertical-align: inherit;\">Datenschutzrichtlinie<\/font><\/font><\/a><\/li>\n<li class=\" \"><a href=\"\/de\/aml-policy\/\" class=\"leftmm\"><font style=\"vertical-align: inherit;\"><font style=\"vertical-align: inherit;\">AML-Richtlinie<\/font><\/font><\/a><\/li>\n<li class=\"\"><a href=\"\/de\/kyc-policy\/\" class=\"leftmm\"><font style=\"vertical-align: inherit;\"><font style=\"vertical-align: inherit;\">KYC-Richtlinie<\/font><\/font><\/a><\/li>\n<li class=\"\"><a href=\"\/de\/jurisdiction-policy\/\" class=\"leftmm\"><font style=\"vertical-align: inherit;\"><font style=\"vertical-align: inherit;\">Gerichtsstandsrichtlinie<\/font><\/font><\/a><\/li>\n<li class=\"\"><a href=\"\/de\/withdrawal-policy\/\" class=\"leftmm\"><font style=\"vertical-align: inherit;\"><font style=\"vertical-align: inherit;\">Widerrufsbelehrung<\/font><\/font><\/a><\/li>\n<\/ul>\n<\/div>\n<div class=\"col-sm-8\">\n<div class=\"textsize19\">\n<strong><font style=\"vertical-align: inherit;\"><font style=\"vertical-align: inherit;\">Datenschutzrichtlinie<\/font><\/font><\/strong><br \/>\n&nbsp;<\/p>\n<p><strong><font style=\"vertical-align: inherit;\"><font style=\"vertical-align: inherit;\">arcticalimited tut sein M\u00f6glichstes, um sicherzustellen, dass die Privatsph\u00e4re, Vertraulichkeit und Sicherheit seiner Kunden sowohl w\u00e4hrend der gesamten Interaktion mit dem Unternehmen als auch danach im gr\u00f6\u00dftm\u00f6glichen f\u00fcr das Unternehmen erreichbaren Umfang gewahrt bleibt.<\/font><\/font><\/strong><\/p>\n<ol>\n<li><font style=\"vertical-align: inherit;\"><font style=\"vertical-align: inherit;\">Wenn sich Kunden bei <\/font><\/font><strong><font style=\"vertical-align: inherit;\"><font style=\"vertical-align: inherit;\">arcticalimited<\/font><\/font><\/strong><font style=\"vertical-align: inherit;\"><font style=\"vertical-align: inherit;\"> registrieren, best\u00e4tigen sie ihre Bereitschaft, dem Unternehmen bestimmte private Informationen mitzuteilen, die wir zur Best\u00e4tigung der Identit\u00e4t des Kunden und zur Gew\u00e4hrleistung der Sicherheit seiner Einlagen und seines Handelskontos verwenden. <\/font><font style=\"vertical-align: inherit;\">Diese Informationen werden im Einklang mit unseren strengen \u00dcberpr\u00fcfungsverfahren gesammelt, die dazu dienen, internationale Geldw\u00e4scheoperationen zu verhindern und die Sicherheit der Handelsaktivit\u00e4ten unserer Kunden durchgehend zu gew\u00e4hrleisten.<\/font><\/font><\/li>\n<li><font style=\"vertical-align: inherit;\"><font style=\"vertical-align: inherit;\">Unsere Kunden verpflichten sich, uns wahrheitsgem\u00e4\u00dfe, aktuelle und genaue Angaben zu ihrer Identit\u00e4t zu machen. <\/font><font style=\"vertical-align: inherit;\">Dar\u00fcber hinaus m\u00fcssen sie kategorisch erkl\u00e4ren, dass sie die Registrierung und den Handel in ihrem eigenen Namen durchf\u00fchren und zu keinem Zeitpunkt versuchen, sich in irgendeiner Weise zu verhalten, die als betr\u00fcgerisch angesehen werden k\u00f6nnte, noch dass sie versuchen, sich zu irgendeinem Zweck als eine andere Person auszugeben.<\/font><\/font><\/li>\n<li><strong><font style=\"vertical-align: inherit;\"><\/font><\/strong><font style=\"vertical-align: inherit;\"><font style=\"vertical-align: inherit;\">Zu den Datenerfassungsverfahren von arcticalimited geh\u00f6rt die Erfassung der vom Kunden freiwillig offengelegten Informationen, die er dem Unternehmen mitteilt, sowie die Platzierung von Cookies zum Zwecke der Erfassung von Daten \u00fcber die Art und Weise, wie Kunden mit der arcticalimited- <\/font><strong><font style=\"vertical-align: inherit;\">Website <\/font><\/strong><\/font><strong><font style=\"vertical-align: inherit;\"><font style=\"vertical-align: inherit;\">interagieren<\/font><\/font><\/strong><font style=\"vertical-align: inherit;\"><font style=\"vertical-align: inherit;\"> . <\/font><font style=\"vertical-align: inherit;\">Diese Tools zum Sammeln von Kundeninformationen dienen der Gew\u00e4hrleistung der eigenen Sicherheit des Kunden und alle vom Unternehmen erfassten Daten werden nur an Personen innerhalb des Unternehmens weitergegeben, die mit der \u00dcberpr\u00fcfung der Kundenkontoinformationen zum ausdr\u00fccklichen Zweck der Gew\u00e4hrleistung der Sicherheit des Kunden befasst sind Vertraulichkeit und Sicherheit.<\/font><\/font><\/li>\n<li><font style=\"vertical-align: inherit;\"><font style=\"vertical-align: inherit;\">arcticalimited wird ohne die ausdr\u00fcckliche schriftliche Zustimmung unserer Kunden niemals private oder anderweitig vertrauliche Informationen in Bezug auf unsere Kunden und ehemaligen Kunden an Dritte weitergeben, au\u00dfer in solchen besonderen F\u00e4llen, in denen die Offenlegung gesetzlich vorgeschrieben oder anderweitig erforderlich ist um eine Verifizierungsanalyse der Identit\u00e4t des Kunden durchzuf\u00fchren, um arcticalimited sein Konto zu sch\u00fctzen und seine pers\u00f6nlichen Daten zu sichern.<\/font><\/font><\/li>\n<li><font style=\"vertical-align: inherit;\"><font style=\"vertical-align: inherit;\">Durch die Registrierung bei arcticalimited und durch die freiwillige Interaktion, die sie mit arcticalimited-Produkten und -Dienstleistungen eingehen, best\u00e4tigen und stimmen die Kunden zu, dass sie der Verwendung aller oder eines Teils der von ihnen bereitgestellten Informationen zu ihrem arcticalimited-Handelskonto, den dar\u00fcber get\u00e4tigten Transaktionen und den Interaktionen zustimmen die sie im Namen des Unternehmens mit dem Unternehmen durchf\u00fchren. <\/font><font style=\"vertical-align: inherit;\">Alle Interaktionen, die der Kunde mit dem Unternehmen durchf\u00fchrt, werden vom Unternehmen zu Aufzeichnungszwecken gespeichert und k\u00f6nnen daher vom Unternehmen in solchen F\u00e4llen verwendet werden, in denen es zu Streitigkeiten zwischen Kunden und Kunden kommt.<\/font><\/font><\/li>\n<li><font style=\"vertical-align: inherit;\"><font style=\"vertical-align: inherit;\">arcticalimited tut sein M\u00f6glichstes, um die Vertraulichkeit der pers\u00f6nlichen Daten seiner Kunden zu gew\u00e4hrleisten, einschlie\u00dflich der Implementierung von Datenschutzverfahren, die die Vertraulichkeit der Kunden gew\u00e4hrleisten sollen. <\/font><font style=\"vertical-align: inherit;\">arcticalimited stellt sicher, dass seine Datenschutzrichtlinien regelm\u00e4\u00dfig aktualisiert werden, um sicherzustellen, dass die vertraulichen Informationen des Kunden kontinuierlich von arcticalimited gesch\u00fctzt werden.<\/font><\/font><\/li>\n<li><font style=\"vertical-align: inherit;\"><font style=\"vertical-align: inherit;\">Von Zeit zu Zeit kann arcticalimited Kunden per Telefon oder E-Mail kontaktieren, um ihnen weitere Informationen zum Finanzmarkthandel von arcticalimited anzubieten. <\/font><font style=\"vertical-align: inherit;\">Dar\u00fcber hinaus kann das Unternehmen gelegentlich versuchen, Kunden telefonisch oder per E-Mail zu kontaktieren, um sie \u00fcber einzigartige Werbeangebote zu informieren, die arcticalimited f\u00fcr den Kunden bereitstellt. <\/font><font style=\"vertical-align: inherit;\">Kunden stimmen dem Empfang einer solchen Kontaktaufnahme zu, wenn sie bei der Registrierung bei arcticalimited unseren Nutzungsbedingungen zustimmen. <\/font><font style=\"vertical-align: inherit;\">Jede Person, die dem weiteren Kontakt mit arcticalimited jederzeit widersprechen m\u00f6chte, hat das Recht, dies zu tun, indem sie einfach das Unternehmen telefonisch oder per E-Mail kontaktiert und darum bittet, im Namen des Unternehmens keinen weiteren Kontakt aufzunehmen.<\/font><\/font><\/li>\n<\/ol>\n<\/div>\n<\/div>\n<div style=\"margin-bottom:100px;\"><\/div>\n<\/div>\n<\/section>\n","protected":false},"excerpt":{"rendered":"<p>Terms &amp; Bedingungen Datenschutzrichtlinie AML-Richtlinie KYC-Richtlinie Gerichtsstandsrichtlinie Widerrufsbelehrung Datenschutzrichtlinie &nbsp; arcticalimited tut sein M\u00f6glichstes, um sicherzustellen, dass die Privatsph\u00e4re, Vertraulichkeit und Sicherheit seiner Kunden sowohl w\u00e4hrend der gesamten Interaktion mit dem Unternehmen als auch danach im gr\u00f6\u00dftm\u00f6glichen f\u00fcr das Unternehmen erreichbaren Umfang gewahrt bleibt. Wenn sich Kunden bei arcticalimited registrieren, best\u00e4tigen sie ihre Bereitschaft, dem [&hellip;]<\/p>\n","protected":false},"author":1,"featured_media":0,"parent":0,"menu_order":0,"comment_status":"closed","ping_status":"closed","template":"","meta":{"footnotes":""},"class_list":["post-310","page","type-page","status-publish","hentry"],"_links":{"self":[{"href":"https:\/\/arcticalimited.com\/de\/wp-json\/wp\/v2\/pages\/310","targetHints":{"allow":["GET"]}}],"collection":[{"href":"https:\/\/arcticalimited.com\/de\/wp-json\/wp\/v2\/pages"}],"about":[{"href":"https:\/\/arcticalimited.com\/de\/wp-json\/wp\/v2\/types\/page"}],"author":[{"embeddable":true,"href":"https:\/\/arcticalimited.com\/de\/wp-json\/wp\/v2\/users\/1"}],"replies":[{"embeddable":true,"href":"https:\/\/arcticalimited.com\/de\/wp-json\/wp\/v2\/comments?post=310"}],"version-history":[{"count":2,"href":"https:\/\/arcticalimited.com\/de\/wp-json\/wp\/v2\/pages\/310\/revisions"}],"predecessor-version":[{"id":343,"href":"https:\/\/arcticalimited.com\/de\/wp-json\/wp\/v2\/pages\/310\/revisions\/343"}],"wp:attachment":[{"href":"https:\/\/arcticalimited.com\/de\/wp-json\/wp\/v2\/media?parent=310"}],"curies":[{"name":"wp","href":"https:\/\/api.w.org\/{rel}","templated":true}]}}