{"id":326,"date":"2023-11-09T13:52:51","date_gmt":"2023-11-09T13:52:51","guid":{"rendered":"http:\/\/mib40.loc\/?page_id=326"},"modified":"2023-11-09T14:08:33","modified_gmt":"2023-11-09T14:08:33","slug":"kyc-policy","status":"publish","type":"page","link":"https:\/\/arcticalimited.com\/de\/kyc-policy\/","title":{"rendered":"KYC Policy"},"content":{"rendered":"<section class=\"fullsize\">\n<div class=\"row\" style=\"margin-top:  100px;margin-bottom:100px;\">\n<div class=\"col-sm-2\">\n<ul class=\"\" style=\"padding-bottom: 50px;\">\n<li class=\" \"><a href=\"\/de\/terms-and-conditions\/\" class=\"leftmm\"><font style=\"vertical-align: inherit;\"><font style=\"vertical-align: inherit;\">Terms &amp; Bedingungen<\/font><\/font><\/a><\/li>\n<li class=\" \"><a href=\"\/de\/privacy-policy\/\" class=\"leftmm\"><font style=\"vertical-align: inherit;\"><font style=\"vertical-align: inherit;\">Datenschutzrichtlinie<\/font><\/font><\/a><\/li>\n<li class=\" \"><a href=\"\/de\/aml-policy\/\" class=\"leftmm\"><font style=\"vertical-align: inherit;\"><font style=\"vertical-align: inherit;\">AML-Richtlinie<\/font><\/font><\/a><\/li>\n<li class=\"\"><a href=\"\/de\/kyc-policy\/\" class=\"leftmm\"><font style=\"vertical-align: inherit;\"><font style=\"vertical-align: inherit;\">KYC-Richtlinie<\/font><\/font><\/a><\/li>\n<li class=\"\"><a href=\"\/de\/jurisdiction-policy\/\" class=\"leftmm\"><font style=\"vertical-align: inherit;\"><font style=\"vertical-align: inherit;\">Gerichtsstandsrichtlinie<\/font><\/font><\/a><\/li>\n<li class=\"\"><a href=\"\/de\/withdrawal-policy\/\" class=\"leftmm\"><font style=\"vertical-align: inherit;\"><font style=\"vertical-align: inherit;\">Widerrufsbelehrung<\/font><\/font><\/a><\/li>\n<\/ul>\n<\/div>\n<div class=\"col-sm-8\">\n<div class=\"textsize19\">\n<strong><font style=\"vertical-align: inherit;\"><font style=\"vertical-align: inherit;\">KYC-Richtlinie<\/font><\/font><\/strong><br \/>\n&nbsp;<\/p>\n<p><font style=\"vertical-align: inherit;\"><font style=\"vertical-align: inherit;\">\u201eKnow Your Customer\u201c-Richtlinien sind in letzter Zeit weltweit immer wichtiger geworden, insbesondere bei Banken und anderen Finanzinstituten, um Identit\u00e4tsdiebstahl, Geldw\u00e4sche, Finanzbetrug und terroristische Aktivit\u00e4ten zu verhindern.<\/font><\/font><\/p>\n<p><font style=\"vertical-align: inherit;\"><font style=\"vertical-align: inherit;\">arcticalimited Trade verfolgt eine Null-Toleranz-Betrugspolitik und ergreift alle m\u00f6glichen Ma\u00dfnahmen, um dies zu verhindern. <\/font><font style=\"vertical-align: inherit;\">Jede betr\u00fcgerische Aktivit\u00e4t wird dokumentiert und alle damit verbundenen Konten werden sofort geschlossen. <\/font><font style=\"vertical-align: inherit;\">S\u00e4mtliche Gelder auf diesen Konten verfallen.<\/font><\/font><\/p>\n<p><font style=\"vertical-align: inherit;\"><font style=\"vertical-align: inherit;\">Verh\u00fctung:<\/font><\/font><\/p>\n<p><font style=\"vertical-align: inherit;\"><font style=\"vertical-align: inherit;\">Ziel von arcticalimited Trade ist es, die Integrit\u00e4t aller sensiblen Daten, die es erh\u00e4lt, wie z. B. Ihre Kontoinformationen und die von Ihnen durchgef\u00fchrten Transaktionen, durch eine Vielzahl von Sicherheitsma\u00dfnahmen und Betrugskontrollen sicherzustellen. <\/font><font style=\"vertical-align: inherit;\">Zur Sicherung Ihrer elektronischen Transaktionen ist es erforderlich, dass uns bestimmte Daten von Ihnen mitgeteilt werden, darunter auch Ihre bevorzugte Einzahlungsmethode. <\/font><font style=\"vertical-align: inherit;\">Wenn Sie eine Auszahlung von Ihrem Konto beantragen, ben\u00f6tigen wir m\u00f6glicherweise einen entsprechenden Identit\u00e4tsnachweis von Ihnen, der die folgenden (und m\u00f6glicherweise weitere) Dokumente umfassen kann:<\/font><\/font><\/p>\n<p><font style=\"vertical-align: inherit;\"><font style=\"vertical-align: inherit;\">Farbkopie Ihres g\u00fcltigen amtlichen Ausweises (z. B. Reisepass, F\u00fchrerschein, Personalausweis). <\/font><\/font><br \/>\n<font style=\"vertical-align: inherit;\"><font style=\"vertical-align: inherit;\"><br \/>\nFarbkopien Ihrer Kredit-\/Debitkarten, sowohl auf der Vorder- als auch auf der R\u00fcckseite, mit abgedeckten ersten zw\u00f6lf Ziffern, deutlich sichtbarem Namen und Ablaufdatum auf der Vorderseite sowie der Unterschrift und dem abgedeckten CVV auf der R\u00fcckseite, die f\u00fcr die Einzahlung verwendet wurden. <\/font><\/font><br \/>\n<font style=\"vertical-align: inherit;\"><font style=\"vertical-align: inherit;\"><br \/>\nKopie einer aktuellen Stromrechnung oder eines Kontoauszugs mit Ihrem Namen und Ihrer Adresse (nicht \u00e4lter als 3 Monate). <\/font><\/font><br \/>\n<font style=\"vertical-align: inherit;\"><font style=\"vertical-align: inherit;\"><br \/>\nEine unterschriebene Kopie des Formulars \u201eDeclaration of Deposit\u201c. <\/font><font style=\"vertical-align: inherit;\">Sie erhalten dieses Formular nach jeder Einzahlung von support@arcticalimited.com. <\/font><\/font><br \/>\n<font style=\"vertical-align: inherit;\"><font style=\"vertical-align: inherit;\"><br \/>\nAlle vier Ecken der Dokumente m\u00fcssen deutlich sichtbar sein und es d\u00fcrfen keine \u00c4nderungen an den Dokumenten vorgenommen werden. <\/font><\/font><br \/>\n<font style=\"vertical-align: inherit;\"><font style=\"vertical-align: inherit;\"><br \/>\nWenn der Name nicht auf der Karte erscheint, ben\u00f6tigen wir einen offiziellen Nachweis, dass die Karte dem Kunden geh\u00f6rt.<\/font><\/font><\/p>\n<p><font style=\"vertical-align: inherit;\"><font style=\"vertical-align: inherit;\">Wenn die Karte einer anderen Person geh\u00f6rt, muss der Karteninhaber seinen Ausweis und eine Stromrechnung vorlegen, bevor die \u00dcberpr\u00fcfung abgeschlossen werden kann, und der Karteninhaber <\/font><\/font><br \/>\n<font style=\"vertical-align: inherit;\"><font style=\"vertical-align: inherit;\"><br \/>\nist daf\u00fcr verantwortlich, die Einzahlungserkl\u00e4rung zu unterzeichnen, um zu best\u00e4tigen, dass mit der verwendeten Karte eine Einzahlung get\u00e4tigt wurde.<\/font><\/font><\/p>\n<p><font style=\"vertical-align: inherit;\"><font style=\"vertical-align: inherit;\">*** Bitte beachten Sie, dass wir Sie auffordern werden, die Dokumente erneut einzureichen, wenn eines oder alle Ihrer Dokumente von arcticalimited Trade Compliance abgelehnt werden.<\/font><\/font><\/p>\n<p><font style=\"vertical-align: inherit;\"><font style=\"vertical-align: inherit;\">Wenn Sie Fragen haben, wenden Sie sich bitte an unseren Kundensupport: support@arcticalimited.com<\/font><\/font><\/p>\n<p><font style=\"vertical-align: inherit;\"><font style=\"vertical-align: inherit;\">Was passiert, wenn ich keine Unterlagen vorlege?<\/font><\/font><\/p>\n<p><font style=\"vertical-align: inherit;\"><font style=\"vertical-align: inherit;\">Wenn Sie entscheiden, dass Sie Ihre Dokumente nicht gem\u00e4\u00df unseren Allgemeinen Gesch\u00e4ftsbedingungen und FCA-Richtlinien bereitstellen m\u00f6chten, k\u00f6nnen wir Ihnen m\u00f6glicherweise nicht das Ma\u00df an Sicherheit bieten, das Ihr Konto verdient. <\/font><font style=\"vertical-align: inherit;\">Dies wird auch unweigerlich den von Ihnen gew\u00fcnschten Auszahlungsprozess verz\u00f6gern, da wir verpflichtet sind, auf unsere Kosten eine private Hintergrund\u00fcberpr\u00fcfung durchzuf\u00fchren, um festzustellen, wer Sie sind, und um sicherzustellen, dass das Geld Ihrem Konto korrekt gutgeschrieben wird .<\/font><\/font><\/p>\n<p><font style=\"vertical-align: inherit;\"><font style=\"vertical-align: inherit;\">Diese Kontrollen werden in Verbindung mit den AML-Regeln der FATF durchgef\u00fchrt. Die Financial Action Task Force (FATF) ist ein unabh\u00e4ngiges zwischenstaatliches Gremium, das Richtlinien zum Schutz des globalen Finanzsystems vor Geldw\u00e4sche, Terrorismusfinanzierung und der Finanzierung der Verbreitung von Waffen entwickelt und f\u00f6rdert der Massenvernichtung. <\/font><font style=\"vertical-align: inherit;\">Die FATF-Empfehlungen gelten als weltweiter Standard zur Bek\u00e4mpfung von Geldw\u00e4sche (AML) und Terrorismusfinanzierung (CFT).<\/font><\/font><\/p>\n<p><font style=\"vertical-align: inherit;\"><font style=\"vertical-align: inherit;\">Sie m\u00fcssen sicher sein, dass Sie Ihre Identit\u00e4t durch Vorlage der erforderlichen Dokumente nachweisen k\u00f6nnen. <\/font><font style=\"vertical-align: inherit;\">Wenn Sie dazu nicht in der Lage sind, kann dies die Aktivierung eines Kontos bei arcticalimited Trade verhindern.<\/font><\/font><\/p>\n<p><font style=\"vertical-align: inherit;\"><font style=\"vertical-align: inherit;\">Wann muss ich diese Dokumente bereitstellen?<\/font><\/font><\/p>\n<p><font style=\"vertical-align: inherit;\"><font style=\"vertical-align: inherit;\">Wir befolgen die Vorschriften der FCA und FSA hinsichtlich der Dokumenten\u00fcberpr\u00fcfung.<\/font><\/font><\/p>\n<p><font style=\"vertical-align: inherit;\"><font style=\"vertical-align: inherit;\">Wir freuen uns sehr, dass Sie sich die Zeit nehmen, uns so schnell wie m\u00f6glich alle erforderlichen Dokumente zur Verf\u00fcgung zu stellen, um Verz\u00f6gerungen bei der Bearbeitung Ihrer Transaktionen zu vermeiden. <\/font><font style=\"vertical-align: inherit;\">Wir ben\u00f6tigen den Erhalt aller erforderlichen Dokumente, bevor wir Bargeldtransaktionen zu Ihren Gunsten durchf\u00fchren. <\/font><font style=\"vertical-align: inherit;\">Wenn Sie diese Dokumente nicht vor der Einzahlung vorgelegt haben, m\u00fcssen Sie sie so schnell wie m\u00f6glich nach der Einzahlung nachreichen.<\/font><\/font><\/p>\n<p><font style=\"vertical-align: inherit;\"><font style=\"vertical-align: inherit;\">Die Nichtvorlage von Dokumenten beeintr\u00e4chtigt nicht die Tatsache, dass das Konto er\u00f6ffnet wird, sobald Geld auf Ihr Konto bei arcticalimited Trade eingezahlt wurde.<\/font><\/font><\/p>\n<p><font style=\"vertical-align: inherit;\"><font style=\"vertical-align: inherit;\">Unter bestimmten Umst\u00e4nden m\u00fcssen wir diese Dokumente m\u00f6glicherweise anfordern, bevor wir andere Aktivit\u00e4ten auf Ihrem Konto zulassen, z. B. Einzahlungen oder Gesch\u00e4fte. <\/font><font style=\"vertical-align: inherit;\">Bitte beachten Sie, dass Ihre ausstehenden Auszahlungen storniert und Ihrem Handelskonto wieder gutgeschrieben werden, wenn wir die erforderlichen Unterlagen nicht erhalten. <\/font><font style=\"vertical-align: inherit;\">Wir werden Sie \u00fcber ein solches Ereignis \u00fcber unser System benachrichtigen.<\/font><\/font><\/p>\n<p><font style=\"vertical-align: inherit;\"><font style=\"vertical-align: inherit;\">Wie kann ich Ihnen diese Dokumente zusenden?<\/font><\/font><\/p>\n<p><font style=\"vertical-align: inherit;\"><font style=\"vertical-align: inherit;\">Bitte scannen Sie Ihre Dokumente oder machen Sie ein hochwertiges Digitalkamerafoto, speichern Sie die Bilder als JPEG, laden Sie dann die Dateien hoch und senden Sie sie uns per E-Mail an support@arcticalimited.com.<\/font><\/font><\/p>\n<p><font style=\"vertical-align: inherit;\"><font style=\"vertical-align: inherit;\">Woher wei\u00df ich, dass meine Dokumente bei Ihnen sicher sind?<\/font><\/font><\/p>\n<p><font style=\"vertical-align: inherit;\"><font style=\"vertical-align: inherit;\">arcticalimited Trade verf\u00fcgt \u00fcber eine hochkomplexe Sicherheitsinfrastruktur und legt gro\u00dfen Wert auf die Sicherheit der Dokumentation. <\/font><font style=\"vertical-align: inherit;\">Wir behandeln alle erhaltenen Dokumente mit gr\u00f6\u00dftem Respekt und Vertraulichkeit. <\/font><font style=\"vertical-align: inherit;\">Alle von uns erhaltenen Dateien werden in jedem Schritt des \u00dcberpr\u00fcfungsprozesses mit der h\u00f6chstm\u00f6glichen Verschl\u00fcsselungsstufe gesch\u00fctzt.<\/font><\/font><\/p>\n<p><font style=\"vertical-align: inherit;\"><font style=\"vertical-align: inherit;\">Wir danken Ihnen f\u00fcr Ihre Zusammenarbeit, die uns dabei hilft, arcticalimited Trade zu einem sichereren Ort f\u00fcr den Handel zu machen.<\/font><\/font><\/p>\n<\/div>\n<\/div>\n<div style=\"margin-bottom:100px;\"><\/div>\n<\/div>\n<\/section>\n","protected":false},"excerpt":{"rendered":"<p>Terms &amp; Bedingungen Datenschutzrichtlinie AML-Richtlinie KYC-Richtlinie Gerichtsstandsrichtlinie Widerrufsbelehrung KYC-Richtlinie &nbsp; \u201eKnow Your Customer\u201c-Richtlinien sind in letzter Zeit weltweit immer wichtiger geworden, insbesondere bei Banken und anderen Finanzinstituten, um Identit\u00e4tsdiebstahl, Geldw\u00e4sche, Finanzbetrug und terroristische Aktivit\u00e4ten zu verhindern. arcticalimited Trade verfolgt eine Null-Toleranz-Betrugspolitik und ergreift alle m\u00f6glichen Ma\u00dfnahmen, um dies zu verhindern. Jede betr\u00fcgerische Aktivit\u00e4t wird dokumentiert [&hellip;]<\/p>\n","protected":false},"author":1,"featured_media":0,"parent":0,"menu_order":0,"comment_status":"closed","ping_status":"closed","template":"","meta":{"footnotes":""},"class_list":["post-326","page","type-page","status-publish","hentry"],"_links":{"self":[{"href":"https:\/\/arcticalimited.com\/de\/wp-json\/wp\/v2\/pages\/326","targetHints":{"allow":["GET"]}}],"collection":[{"href":"https:\/\/arcticalimited.com\/de\/wp-json\/wp\/v2\/pages"}],"about":[{"href":"https:\/\/arcticalimited.com\/de\/wp-json\/wp\/v2\/types\/page"}],"author":[{"embeddable":true,"href":"https:\/\/arcticalimited.com\/de\/wp-json\/wp\/v2\/users\/1"}],"replies":[{"embeddable":true,"href":"https:\/\/arcticalimited.com\/de\/wp-json\/wp\/v2\/comments?post=326"}],"version-history":[{"count":2,"href":"https:\/\/arcticalimited.com\/de\/wp-json\/wp\/v2\/pages\/326\/revisions"}],"predecessor-version":[{"id":345,"href":"https:\/\/arcticalimited.com\/de\/wp-json\/wp\/v2\/pages\/326\/revisions\/345"}],"wp:attachment":[{"href":"https:\/\/arcticalimited.com\/de\/wp-json\/wp\/v2\/media?parent=326"}],"curies":[{"name":"wp","href":"https:\/\/api.w.org\/{rel}","templated":true}]}}