{"id":334,"date":"2023-11-09T13:57:46","date_gmt":"2023-11-09T13:57:46","guid":{"rendered":"http:\/\/mib40.loc\/?page_id=334"},"modified":"2023-11-09T14:09:31","modified_gmt":"2023-11-09T14:09:31","slug":"jurisdiction-policy","status":"publish","type":"page","link":"https:\/\/arcticalimited.com\/de\/jurisdiction-policy\/","title":{"rendered":"Jurisdiction Policy"},"content":{"rendered":"<section class=\"fullsize\">\n<div class=\"row\" style=\"margin-top:  100px;margin-bottom:100px;\">\n<div class=\"col-sm-2\">\n<ul class=\"\" style=\"padding-bottom: 50px;\">\n<li class=\" \"><a href=\"\/de\/terms-and-conditions\/\" class=\"leftmm\"><font style=\"vertical-align: inherit;\"><font style=\"vertical-align: inherit;\">Terms &amp; Bedingungen<\/font><\/font><\/a><\/li>\n<li class=\" \"><a href=\"\/de\/privacy-policy\/\" class=\"leftmm\"><font style=\"vertical-align: inherit;\"><font style=\"vertical-align: inherit;\">Datenschutzrichtlinie<\/font><\/font><\/a><\/li>\n<li class=\" \"><a href=\"\/de\/aml-policy\/\" class=\"leftmm\"><font style=\"vertical-align: inherit;\"><font style=\"vertical-align: inherit;\">AML-Richtlinie<\/font><\/font><\/a><\/li>\n<li class=\"\"><a href=\"\/de\/kyc-policy\/\" class=\"leftmm\"><font style=\"vertical-align: inherit;\"><font style=\"vertical-align: inherit;\">KYC-Richtlinie<\/font><\/font><\/a><\/li>\n<li class=\"\"><a href=\"\/de\/jurisdiction-policy\/\" class=\"leftmm\"><font style=\"vertical-align: inherit;\"><font style=\"vertical-align: inherit;\">Gerichtsstandsrichtlinie<\/font><\/font><\/a><\/li>\n<li class=\"\"><a href=\"\/de\/withdrawal-policy\/\" class=\"leftmm\"><font style=\"vertical-align: inherit;\"><font style=\"vertical-align: inherit;\">Widerrufsbelehrung<\/font><\/font><\/a><\/li>\n<\/ul>\n<\/div>\n<div class=\"col-sm-8\">\n<div class=\"textsize19\">\n<strong><font style=\"vertical-align: inherit;\"><font style=\"vertical-align: inherit;\">Gerichtsstandsrichtlinie<\/font><\/font><br \/>\n<\/strong><br \/>\n&nbsp;<\/p>\n<p><font style=\"vertical-align: inherit;\"><font style=\"vertical-align: inherit;\">Rechtliche Einschr\u00e4nkungen: Ohne Einschr\u00e4nkung der unten genannten Bestimmungen verstehen Sie, dass die Gesetze zu Finanzvertr\u00e4gen weltweit unterschiedlich sind und es in Ihrer Verantwortung liegt, sicherzustellen, dass Sie alle Gesetze, Vorschriften oder Richtlinien in Ihrem Wohnsitzland bez\u00fcglich der Nutzung der Website ordnungsgem\u00e4\u00df einhalten .<\/font><\/font><\/p>\n<p><font style=\"vertical-align: inherit;\"><font style=\"vertical-align: inherit;\">Um jeden Zweifel auszuschlie\u00dfen: Die M\u00f6glichkeit, auf unsere Website zuzugreifen, bedeutet nicht unbedingt, dass unsere Dienste und\/oder Ihre Aktivit\u00e4ten \u00fcber die Website gem\u00e4\u00df den f\u00fcr Ihr Wohnsitzland relevanten Gesetzen, Vorschriften oder Richtlinien legal sind.<\/font><\/font><\/p>\n<\/div>\n<\/div>\n<div style=\"margin-bottom:100px;\"><\/div>\n<\/div>\n<\/section>\n","protected":false},"excerpt":{"rendered":"<p>Terms &amp; Bedingungen Datenschutzrichtlinie AML-Richtlinie KYC-Richtlinie Gerichtsstandsrichtlinie Widerrufsbelehrung Gerichtsstandsrichtlinie &nbsp; Rechtliche Einschr\u00e4nkungen: Ohne Einschr\u00e4nkung der unten genannten Bestimmungen verstehen Sie, dass die Gesetze zu Finanzvertr\u00e4gen weltweit unterschiedlich sind und es in Ihrer Verantwortung liegt, sicherzustellen, dass Sie alle Gesetze, Vorschriften oder Richtlinien in Ihrem Wohnsitzland bez\u00fcglich der Nutzung der Website ordnungsgem\u00e4\u00df einhalten . Um jeden [&hellip;]<\/p>\n","protected":false},"author":1,"featured_media":0,"parent":0,"menu_order":0,"comment_status":"closed","ping_status":"closed","template":"","meta":{"footnotes":""},"class_list":["post-334","page","type-page","status-publish","hentry"],"_links":{"self":[{"href":"https:\/\/arcticalimited.com\/de\/wp-json\/wp\/v2\/pages\/334","targetHints":{"allow":["GET"]}}],"collection":[{"href":"https:\/\/arcticalimited.com\/de\/wp-json\/wp\/v2\/pages"}],"about":[{"href":"https:\/\/arcticalimited.com\/de\/wp-json\/wp\/v2\/types\/page"}],"author":[{"embeddable":true,"href":"https:\/\/arcticalimited.com\/de\/wp-json\/wp\/v2\/users\/1"}],"replies":[{"embeddable":true,"href":"https:\/\/arcticalimited.com\/de\/wp-json\/wp\/v2\/comments?post=334"}],"version-history":[{"count":2,"href":"https:\/\/arcticalimited.com\/de\/wp-json\/wp\/v2\/pages\/334\/revisions"}],"predecessor-version":[{"id":346,"href":"https:\/\/arcticalimited.com\/de\/wp-json\/wp\/v2\/pages\/334\/revisions\/346"}],"wp:attachment":[{"href":"https:\/\/arcticalimited.com\/de\/wp-json\/wp\/v2\/media?parent=334"}],"curies":[{"name":"wp","href":"https:\/\/api.w.org\/{rel}","templated":true}]}}