{"id":336,"date":"2023-11-09T13:59:46","date_gmt":"2023-11-09T13:59:46","guid":{"rendered":"http:\/\/mib40.loc\/?page_id=336"},"modified":"2023-11-09T14:03:49","modified_gmt":"2023-11-09T14:03:49","slug":"withdrawal-policy","status":"publish","type":"page","link":"https:\/\/arcticalimited.com\/de\/withdrawal-policy\/","title":{"rendered":"Withdrawal Policy"},"content":{"rendered":"<section class=\"fullsize\">\n<div class=\"row\" style=\"margin-top:  100px;margin-bottom:100px;\">\n<div class=\"col-sm-2\">\n<ul class=\"\" style=\"padding-bottom: 50px;\">\n<li class=\" \"><a href=\"\/de\/terms-and-conditions\/\" class=\"leftmm\"><font style=\"vertical-align: inherit;\"><font style=\"vertical-align: inherit;\">Terms &amp; Bedingungen<\/font><\/font><\/a><\/li>\n<li class=\" \"><a href=\"\/de\/privacy-policy\/\" class=\"leftmm\"><font style=\"vertical-align: inherit;\"><font style=\"vertical-align: inherit;\">Datenschutzrichtlinie<\/font><\/font><\/a><\/li>\n<li class=\" \"><a href=\/de\"\/aml-policy\/\" class=\"leftmm\"><font style=\"vertical-align: inherit;\"><font style=\"vertical-align: inherit;\">AML-Richtlinie<\/font><\/font><\/a><\/li>\n<li class=\"\"><a href=\"\/de\/kyc-policy\/\" class=\"leftmm\"><font style=\"vertical-align: inherit;\"><font style=\"vertical-align: inherit;\">KYC-Richtlinie<\/font><\/font><\/a><\/li>\n<li class=\"\"><a href=\"\/de\/jurisdiction-policy\/\" class=\"leftmm\"><font style=\"vertical-align: inherit;\"><font style=\"vertical-align: inherit;\">Gerichtsstandsrichtlinie<\/font><\/font><\/a><\/li>\n<li class=\"\"><a href=\"\/de\/withdrawal-policy\/\" class=\"leftmm\"><font style=\"vertical-align: inherit;\"><font style=\"vertical-align: inherit;\">Widerrufsbelehrung<\/font><\/font><\/a><\/li>\n<\/ul>\n<\/div>\n<div class=\"col-sm-8\">\n<div class=\"textsize19\">\n<strong><font style=\"vertical-align: inherit;\"><font style=\"vertical-align: inherit;\">Auszahlungsrichtlinie<\/font><\/font><br \/>\n<\/strong><br \/>\n&nbsp;<br \/>\n<font style=\"vertical-align: inherit;\"><font style=\"vertical-align: inherit;\"><br \/>\narcticalimited Trade-Kunden k\u00f6nnen ihr Geld und ihre Vorteile jederzeit abheben. <\/font><font style=\"vertical-align: inherit;\">Um eine teilweise oder vollst\u00e4ndige Auszahlung von Geldern von Ihrem Konto zu beantragen, klicken Sie in Ihrem Konto auf \u201eAuszahlungsantrag\u201c.<\/font><\/font><\/p>\n<p><font style=\"vertical-align: inherit;\"><font style=\"vertical-align: inherit;\">Bitte beachten Sie, dass die Bearbeitung Ihres Auszahlungsantrags bis zu 7 Werktage dauern kann.<\/font><\/font><\/p>\n<p><font style=\"vertical-align: inherit;\"><font style=\"vertical-align: inherit;\">Wenn Sie Fragen haben, wenden Sie sich bitte an unseren Kundendienstspezialisten.<\/font><\/font><\/p>\n<p><font style=\"vertical-align: inherit;\"><font style=\"vertical-align: inherit;\">Gem\u00e4\u00df den allgemein anerkannten AML-Regeln und -Vorschriften d\u00fcrfen Abhebungen nur \u00fcber dasselbe Bankkonto oder dieselbe Kredit-\/Debitkarte erfolgen, die Sie f\u00fcr die Einzahlung verwendet haben. <\/font><font style=\"vertical-align: inherit;\">Dar\u00fcber hinaus kann es bei Auszahlungen erforderlich sein, dass der Kunde zus\u00e4tzliche Informationen und Dokumente vorlegt.<\/font><\/font><\/p>\n<\/div>\n<\/div>\n<div style=\"margin-bottom:100px;\"><\/div>\n<\/div>\n<\/section>\n","protected":false},"excerpt":{"rendered":"<p>Terms &amp; Bedingungen Datenschutzrichtlinie AML-Richtlinie KYC-Richtlinie Gerichtsstandsrichtlinie Widerrufsbelehrung Auszahlungsrichtlinie &nbsp; arcticalimited Trade-Kunden k\u00f6nnen ihr Geld und ihre Vorteile jederzeit abheben. Um eine teilweise oder vollst\u00e4ndige Auszahlung von Geldern von Ihrem Konto zu beantragen, klicken Sie in Ihrem Konto auf \u201eAuszahlungsantrag\u201c. Bitte beachten Sie, dass die Bearbeitung Ihres Auszahlungsantrags bis zu 7 Werktage dauern kann. Wenn [&hellip;]<\/p>\n","protected":false},"author":1,"featured_media":0,"parent":0,"menu_order":0,"comment_status":"closed","ping_status":"closed","template":"","meta":{"footnotes":""},"class_list":["post-336","page","type-page","status-publish","hentry"],"_links":{"self":[{"href":"https:\/\/arcticalimited.com\/de\/wp-json\/wp\/v2\/pages\/336","targetHints":{"allow":["GET"]}}],"collection":[{"href":"https:\/\/arcticalimited.com\/de\/wp-json\/wp\/v2\/pages"}],"about":[{"href":"https:\/\/arcticalimited.com\/de\/wp-json\/wp\/v2\/types\/page"}],"author":[{"embeddable":true,"href":"https:\/\/arcticalimited.com\/de\/wp-json\/wp\/v2\/users\/1"}],"replies":[{"embeddable":true,"href":"https:\/\/arcticalimited.com\/de\/wp-json\/wp\/v2\/comments?post=336"}],"version-history":[{"count":2,"href":"https:\/\/arcticalimited.com\/de\/wp-json\/wp\/v2\/pages\/336\/revisions"}],"predecessor-version":[{"id":342,"href":"https:\/\/arcticalimited.com\/de\/wp-json\/wp\/v2\/pages\/336\/revisions\/342"}],"wp:attachment":[{"href":"https:\/\/arcticalimited.com\/de\/wp-json\/wp\/v2\/media?parent=336"}],"curies":[{"name":"wp","href":"https:\/\/api.w.org\/{rel}","templated":true}]}}