{"id":361,"date":"2023-11-09T14:20:28","date_gmt":"2023-11-09T14:20:28","guid":{"rendered":"http:\/\/mib40.loc\/?page_id=361"},"modified":"2024-04-12T13:15:20","modified_gmt":"2024-04-12T13:15:20","slug":"about-us","status":"publish","type":"page","link":"https:\/\/arcticalimited.com\/de\/about-us\/","title":{"rendered":"About-us"},"content":{"rendered":"<section style=\"margin-top:  50px;padding-bottom: 50px;\">\n<div class=\"container\">\n<h1 style=\"font-size: 64px;font-weight: 300;text-align: center;color: rgba(0,0,0,.9);margin-bottom: 50px;\"><font style=\"vertical-align: inherit;\"><font style=\"vertical-align: inherit;\">Unser Unternehmen<\/font><\/font><\/h1>\n<h1 style=\"font-size: 19px;font-weight: 600;color: rgba(0,0,0,.9);margin-bottom: 10px;\"><font style=\"vertical-align: inherit;\"><font style=\"vertical-align: inherit;\">Wer wir sind?<\/font><\/font><\/h1>\n<p class=\"textsize19\"><font style=\"vertical-align: inherit;\"><font style=\"vertical-align: inherit;\">arcticalimited Trade ist ein Finanzdienstleister, der H\u00e4ndlern aus fast der ganzen Welt eine Auswahl von mehr als hundert Finanzanlagen als CFDs anbietet. <\/font><font style=\"vertical-align: inherit;\">Dank unserer intuitiven Handelsplattform erhalten Sie \u00fcber Ihren Desktop, Ihr Smartphone oder Ihr Tablet Zugang zum aufregendsten und volatilsten B\u00f6rsenmarkt der Welt. <\/font><font style=\"vertical-align: inherit;\">Auf diese Weise k\u00f6nnen Sie Ihr pers\u00f6nliches Handelsportfolio verwalten und gleichzeitig die sofortige Handelsausf\u00fchrung mit einem Klick genie\u00dfen \u2013 und das alles \u00fcber eine einzige intelligente Dashboard-Anzeige.<\/font><\/font><\/p>\n<p class=\"textsize19\"><font style=\"vertical-align: inherit;\"><font style=\"vertical-align: inherit;\">W\u00e4hrend es unser Ziel ist, Kunden dabei zu helfen, das Beste aus dem Online-Handel herauszuholen, Zugang zu Liquidit\u00e4t zu erhalten und Risiken effektiv zu verwalten, <\/font><\/font><br \/>\n<font style=\"vertical-align: inherit;\"><font style=\"vertical-align: inherit;\"><br \/>\nerm\u00f6glichen uns unser praktisches Fachwissen, unsere umfassende Technologie und unser beispielloses Netzwerk, ein unvergessliches Handelserlebnis zu bieten.<\/font><\/font><\/p>\n<\/div>\n<\/section>\n<section style=\"padding-top: 20px;padding-bottom: 20px;\">\n<div class=\"container\">\n<h1 style=\"font-size: 19px;font-weight: 600;color: rgba(0,0,0,.9);margin-bottom: 10px;\"><font style=\"vertical-align: inherit;\"><font style=\"vertical-align: inherit;\">Warum arcticalimited Trade?<\/font><\/font><\/h1>\n<p class=\"textsize19\"><font style=\"vertical-align: inherit;\"><font style=\"vertical-align: inherit;\">Wir verf\u00fcgen \u00fcber das technologische Fachwissen und die umfangreichen Ressourcen, um Ihnen dabei zu helfen, Ihr volles Potenzial auszusch\u00f6pfen und von einer beispiellosen Handelserfahrung zu profitieren. <\/font><font style=\"vertical-align: inherit;\">Wie internationale Banken und gro\u00dfe Online-H\u00e4ndler verwenden wir modernste Verschl\u00fcsselungstechnologie, um Ihre Informationen, Sicherheit und Privatsph\u00e4re jederzeit zu sch\u00fctzen. <\/font><font style=\"vertical-align: inherit;\">W\u00e4hrend wir rund um die Uhr Live-Support bieten und unseren Kunden erstklassige L\u00f6sungen liefern, \u00fcberwachen wir st\u00e4ndig Ihre Handelsgelder und sch\u00fctzen sie auf getrennten Konten.<\/font><\/font><\/p>\n<p class=\"textsize19\"><font style=\"vertical-align: inherit;\"><font style=\"vertical-align: inherit;\">Wir sind verpflichtet, Ihre pers\u00f6nlichen Daten nicht an externe Agenturen oder Dritte weiterzugeben und unterliegen einer garantierten <\/font><\/font><br \/>\n<font style=\"vertical-align: inherit;\"><font style=\"vertical-align: inherit;\"><br \/>\nRichtlinie ohne versteckte Geb\u00fchren, wobei unser Ein- und Auszahlungsprozess schnell und bequem ist.<\/font><\/font><\/p>\n<\/div>\n<\/section>\n<section style=\"padding-top: 20px;padding-bottom: 20px;\">\n<div class=\"container\">\n<h1 style=\"font-size: 19px;font-weight: 600;color: rgba(0,0,0,.9);margin-bottom: 10px;\"><font style=\"vertical-align: inherit;\"><font style=\"vertical-align: inherit;\">Vorteile des Handels mit uns<\/font><\/font><\/h1>\n<p class=\"textsize19\"><font style=\"vertical-align: inherit;\"><font style=\"vertical-align: inherit;\">Da CFDs bei modernen H\u00e4ndlern und Investoren immer beliebter werden, sind hier einige der au\u00dfergew\u00f6hnlichen Funktionen und Vorteile, die Sie genie\u00dfen k\u00f6nnen, wenn Sie sich f\u00fcr den Aufbau Ihres pers\u00f6nlichen Handelsportfolios bei uns entscheiden:<\/font><\/font><\/p>\n<ul>\n<li class=\"p1\"><font style=\"vertical-align: inherit;\"><font style=\"vertical-align: inherit;\">Live-Datenfeed<\/font><\/font><\/li>\n<li class=\"p1\"><font style=\"vertical-align: inherit;\"><font style=\"vertical-align: inherit;\">Kundendienst rund um die Uhr<\/font><\/font><\/li>\n<li class=\"p1\"><font style=\"vertical-align: inherit;\"><font style=\"vertical-align: inherit;\">Ma\u00dfgeschneiderte Analysetools<\/font><\/font><\/li>\n<li class=\"p1\"><font style=\"vertical-align: inherit;\"><font style=\"vertical-align: inherit;\">Auswahl von Handelskonten<\/font><\/font><\/li>\n<li class=\"p1\"><font style=\"vertical-align: inherit;\"><font style=\"vertical-align: inherit;\">Erweiterte Diagramme und Grafiken<\/font><\/font><\/li>\n<li class=\"p1\"><font style=\"vertical-align: inherit;\"><font style=\"vertical-align: inherit;\">Pers\u00f6nliche Account Manager<\/font><\/font><\/li>\n<li class=\"p1\"><font style=\"vertical-align: inherit;\"><font style=\"vertical-align: inherit;\">Einfache Kontoverwaltung<\/font><\/font><\/li>\n<li class=\"p1\"><font style=\"vertical-align: inherit;\"><font style=\"vertical-align: inherit;\">Schnelle Ein- und Auszahlungen<\/font><\/font><\/li>\n<\/ul>\n<\/div>\n<\/section>\n<section style=\"padding-top: 20px;padding-bottom: 20px;\">\n<div class=\"container\">\n<h1 style=\"font-size: 19px;font-weight: 600;color: rgba(0,0,0,.9);margin-bottom: 10px;\"><font style=\"vertical-align: inherit;\"><font style=\"vertical-align: inherit;\">Unsere Vision<\/font><\/font><\/h1>\n<p class=\"textsize19\"><font style=\"vertical-align: inherit;\"><font style=\"vertical-align: inherit;\">Wir m\u00f6chten, dass der gesicherte CFD-Handel f\u00fcr all die Millionen da drau\u00dfen zur Realit\u00e4t wird, die es sich nicht leisten k\u00f6nnen, auf traditionelle Weise zu handeln. <\/font><font style=\"vertical-align: inherit;\"><br \/>\nDurch unsere innovative Technologie wollen wir ein finanziell kompetentes Umfeld schaffen, das auf der Grundlage gegenseitigen Vertrauens und Respekts zwischen uns und unseren Kunden <\/font><\/font><br \/>\n<font style=\"vertical-align: inherit;\"><font style=\"vertical-align: inherit;\"><br \/>\nbasiert .<\/font><\/font><br \/>\n<font style=\"vertical-align: inherit;\"><\/font><\/p>\n<\/div>\n<\/section>\n<section style=\"padding-top: 20px;padding-bottom: 20px;\">\n<div class=\"container\">\n<h1 style=\"font-size: 19px;font-weight: 600;color: rgba(0,0,0,.9);margin-bottom: 10px;\"><font style=\"vertical-align: inherit;\"><font style=\"vertical-align: inherit;\">Ihre Sicherheit<\/font><\/font><\/h1>\n<p class=\"textsize19\"><font style=\"vertical-align: inherit;\"><font style=\"vertical-align: inherit;\">In einer Welt voller Finanzinstitute sind wir stolz darauf, Ihren Geldern jederzeit den strengsten Schutz zu bieten. <\/font><\/font><br \/>\n<font style=\"vertical-align: inherit;\"><font style=\"vertical-align: inherit;\"><br \/>\nDa Ihr Handelsportfolio bei uns stets sicher ist, haben wir einen v\u00f6llig neuen Standard f\u00fcr die Sicherheit Ihrer pers\u00f6nlichen Daten entwickelt. <\/font><\/font><br \/>\n<font style=\"vertical-align: inherit;\"><font style=\"vertical-align: inherit;\"><br \/>\nAlle unsere H\u00e4ndler profitieren von folgenden Konditionen:<\/font><\/font><\/p>\n<\/div>\n<\/section>\n<section style=\"padding-bottom: 50px;\">\n<div class=\"container\">\n<div class=\" \" style=\"margin-bottom: 50px;\">\n<div class=\"row\">\n<div class=\"col-md-12 col-xs-12\" style=\"background: #F8FAFD;\n\n    margin-right: 1%;\n    width: 49%;\"><\/p>\n<div class=\"row\" style=\"text-align: center;padding: 50px;\">\n<p style=\"font-size:16px;font-weight:600;text-align:left;\"><font style=\"vertical-align: inherit;\"><font style=\"vertical-align: inherit;\">Getrennte Kundenkonten<\/font><\/font><\/p>\n<p class=\"mobileoff \" style=\"line-height: 1.5;font-size:16px;text-align:left;margin-top:20px;\"><font style=\"vertical-align: inherit;\"><font style=\"vertical-align: inherit;\">In der Finanzhandelsbranche wird dieses Konto verwendet, um Ihre Gelder getrennt von den Geldern des Brokers zu verwahren. <\/font><font style=\"vertical-align: inherit;\">Dadurch wird sichergestellt, dass Ihr Kapital bei weltweit renommierten Kreditinstituten gesch\u00fctzt ist und leicht identifiziert werden kann.<\/font><\/font><\/p>\n<\/div>\n<\/div>\n<div class=\"col-md-12 col-xs-12\" style=\"background: #F8FAFD;\n    margin-left: 1%;\n    width: 49%;\"><\/p>\n<div class=\"row\" style=\"text-align: center;padding: 50px;\">\n<p style=\"font-size:16px;font-weight:600;text-align:left\"><font style=\"vertical-align: inherit;\"><font style=\"vertical-align: inherit;\">Verschl\u00fcsselung und Schutz<\/font><\/font><\/p>\n<p class=\"mobileoff \" style=\"line-height: 1.5;font-size:16px;text-align:left;margin-top:20px\"><font style=\"vertical-align: inherit;\"><font style=\"vertical-align: inherit;\">Mithilfe hochentwickelter Sicherheitsma\u00dfnahmen und Sicherheitsprotokolle behandeln wir Ihr Konto absolut vertraulich, was dazu f\u00fchrt, dass Ihre Handelsgesch\u00e4fte und privaten Daten zu 100 % SSL-verschl\u00fcsselt und sicher gespeichert werden.<\/font><\/font><\/p>\n<\/div>\n<\/div>\n<\/div>\n<\/div>\n<\/div>\n<\/section>\n<section style=\" padding-bottom: 20px;\">\n<div class=\"container\">\n<h1 style=\"font-size: 19px;font-weight: 600;color: rgba(0,0,0,.9);margin-bottom: 10px;\"><font style=\"vertical-align: inherit;\"><font style=\"vertical-align: inherit;\">Kundendienst<\/font><\/font><\/h1>\n<p class=\"textsize19\"><font style=\"vertical-align: inherit;\"><font style=\"vertical-align: inherit;\">Wir sind bestrebt, Ihnen in Ihrer Muttersprache und rund um die Uhr die Unterst\u00fctzung und Unterst\u00fctzung zu bieten, die Sie ben\u00f6tigen. <\/font><\/font><br \/>\n<font style=\"vertical-align: inherit;\"><font style=\"vertical-align: inherit;\"><br \/>\nWenn Sie Fragen haben oder technische Unterst\u00fctzung oder Beratung bez\u00fcglich Ihrer Kontoverwaltung ben\u00f6tigen, k\u00f6nnen Sie sich jederzeit an unser Kundensupport-Team wenden.<\/font><\/font><\/p>\n<\/div>\n<\/section>\n","protected":false},"excerpt":{"rendered":"<p>Unser Unternehmen Wer wir sind? arcticalimited Trade ist ein Finanzdienstleister, der H\u00e4ndlern aus fast der ganzen Welt eine Auswahl von mehr als hundert Finanzanlagen als CFDs anbietet. Dank unserer intuitiven Handelsplattform erhalten Sie \u00fcber Ihren Desktop, Ihr Smartphone oder Ihr Tablet Zugang zum aufregendsten und volatilsten B\u00f6rsenmarkt der Welt. Auf diese Weise k\u00f6nnen Sie Ihr [&hellip;]<\/p>\n","protected":false},"author":1,"featured_media":0,"parent":0,"menu_order":0,"comment_status":"closed","ping_status":"closed","template":"","meta":{"footnotes":""},"class_list":["post-361","page","type-page","status-publish","hentry"],"_links":{"self":[{"href":"https:\/\/arcticalimited.com\/de\/wp-json\/wp\/v2\/pages\/361","targetHints":{"allow":["GET"]}}],"collection":[{"href":"https:\/\/arcticalimited.com\/de\/wp-json\/wp\/v2\/pages"}],"about":[{"href":"https:\/\/arcticalimited.com\/de\/wp-json\/wp\/v2\/types\/page"}],"author":[{"embeddable":true,"href":"https:\/\/arcticalimited.com\/de\/wp-json\/wp\/v2\/users\/1"}],"replies":[{"embeddable":true,"href":"https:\/\/arcticalimited.com\/de\/wp-json\/wp\/v2\/comments?post=361"}],"version-history":[{"count":2,"href":"https:\/\/arcticalimited.com\/de\/wp-json\/wp\/v2\/pages\/361\/revisions"}],"predecessor-version":[{"id":626,"href":"https:\/\/arcticalimited.com\/de\/wp-json\/wp\/v2\/pages\/361\/revisions\/626"}],"wp:attachment":[{"href":"https:\/\/arcticalimited.com\/de\/wp-json\/wp\/v2\/media?parent=361"}],"curies":[{"name":"wp","href":"https:\/\/api.w.org\/{rel}","templated":true}]}}