{"id":696,"date":"2024-07-09T07:12:25","date_gmt":"2024-07-09T07:12:25","guid":{"rendered":"http:\/\/bnpfx.loc\/?page_id=696"},"modified":"2024-07-09T07:14:19","modified_gmt":"2024-07-09T07:14:19","slug":"about-us","status":"publish","type":"page","link":"https:\/\/arcticalimited.com\/fr\/about-us\/","title":{"rendered":"About-us"},"content":{"rendered":"<section style=\"margin-top: 50px; padding-bottom: 50px;\">\n<div class=\"container\">\n<h1 style=\"font-size: 64px; font-weight: 300; text-align: center; color: rgba(0,0,0,.9); margin-bottom: 50px;\"><font style=\"vertical-align: inherit;\"><font style=\"vertical-align: inherit;\">Notre compagnie<\/font><\/font><\/h1>\n<h1 style=\"font-size: 19px; font-weight: 600; color: rgba(0,0,0,.9); margin-bottom: 10px;\"><font style=\"vertical-align: inherit;\"><font style=\"vertical-align: inherit;\">\u00c0 propos de nous<\/font><\/font><\/h1>\n<p class=\"textsize19\"><font style=\"vertical-align: inherit;\"><font style=\"vertical-align: inherit;\">arcticalimited est un courtier mondial multi-actifs qui facilite le trading de CFD sur le Forex, les mati\u00e8res premi\u00e8res, les indices et les actions. Avec plus d&rsquo;une d\u00e9cennie d&rsquo;expertise sur le march\u00e9 et son si\u00e8ge social \u00e0 Sydney, arcticalimited compte plus de 1 000 employ\u00e9s r\u00e9partis dans 30 bureaux \u00e0 travers le monde. Plus qu&rsquo;un simple courtier, arcticalimited favorise un \u00e9cosyst\u00e8me de trading de confiance, permettant \u00e0 ses clients de r\u00e9ussir rapidement et sans effort.<\/font><\/font><\/p>\n<h1 style=\"font-size: 19px; font-weight: 600; color: rgba(0,0,0,.9); margin-bottom: 10px;\"><font style=\"vertical-align: inherit;\"><font style=\"vertical-align: inherit;\">Qui nous sommes?<\/font><\/font><\/h1>\n<p class=\"textsize19\"><font style=\"vertical-align: inherit;\"><font style=\"vertical-align: inherit;\">arcticalimited Trade est un fournisseur de services financiers, offrant une gamme diversifi\u00e9e de plus d&rsquo;une centaine d&rsquo;actifs financiers sous forme de CFD aux traders du monde entier. Gr\u00e2ce \u00e0 notre plateforme de trading intuitive, vous avez acc\u00e8s au march\u00e9 boursier le plus dynamique et le plus volatil du monde via votre ordinateur de bureau, votre smartphone ou votre tablette. Cela vous permet de g\u00e9rer votre portefeuille de trading personnel tout en profitant d&rsquo;une ex\u00e9cution de trading instantan\u00e9e en 1 clic, le tout via un seul tableau de bord intelligent. Notre objectif est d&rsquo;aider les clients \u00e0 maximiser leur potentiel de trading en ligne, \u00e0 acc\u00e9der \u00e0 la liquidit\u00e9 et \u00e0 g\u00e9rer efficacement les risques. En tirant parti de notre expertise pratique, de notre technologie de pointe et de notre vaste r\u00e9seau, nous offrons une exp\u00e9rience de trading in\u00e9gal\u00e9e.<\/font><\/font><\/p>\n<\/div>\n<\/section>\n<section style=\"padding-top: 20px; padding-bottom: 20px;\">\n<div class=\"container\">\n<h1 style=\"font-size: 19px; font-weight: 600; color: rgba(0,0,0,.9); margin-bottom: 10px;\"><font style=\"vertical-align: inherit;\"><font style=\"vertical-align: inherit;\">Pourquoi arcticalimited Trade ?<\/font><\/font><\/h1>\n<p class=\"textsize19\"><font style=\"vertical-align: inherit;\"><font style=\"vertical-align: inherit;\">Nous poss\u00e9dons les prouesses technologiques et les ressources abondantes pour vous aider \u00e0 lib\u00e9rer tout votre potentiel de trading et \u00e0 capitaliser sur une exp\u00e9rience de trading in\u00e9gal\u00e9e. En utilisant une technologie de cryptage de pointe similaire \u00e0 celle des banques internationales et des principaux d\u00e9taillants en ligne, nous prot\u00e9geons vos informations, votre s\u00e9curit\u00e9 et votre confidentialit\u00e9 \u00e0 tout moment. Avec une assistance en direct 24 heures sur 24 et des solutions de classe mondiale, nous surveillons en permanence vos fonds de trading et assurons leur protection dans des comptes s\u00e9par\u00e9s. Nous nous engageons \u00e0 ne pas partager vos donn\u00e9es personnelles avec une agence externe ou un tiers, op\u00e9rant sous une politique transparente sans frais cach\u00e9s, avec des processus de d\u00e9p\u00f4t et de retrait rapides et pratiques.<\/font><\/font><\/p>\n<\/div>\n<\/section>\n<section style=\"padding-top: 20px; padding-bottom: 20px;\">\n<div class=\"container\">\n<h1 style=\"font-size: 19px; font-weight: 600; color: rgba(0,0,0,.9); margin-bottom: 10px;\"><font style=\"vertical-align: inherit;\"><font style=\"vertical-align: inherit;\">Avantages de faire du commerce avec nous<\/font><\/font><\/h1>\n<p class=\"textsize19\"><span style=\"font-weight: 400;\"><font style=\"vertical-align: inherit;\"><font style=\"vertical-align: inherit;\">Alors que les CFD gagnent en popularit\u00e9 aupr\u00e8s des traders et investisseurs modernes, voici quelques fonctionnalit\u00e9s et avantages exceptionnels dont vous pouvez profiter lors de la cr\u00e9ation de votre portefeuille de trading personnel avec nous&nbsp;:<\/font><\/font><\/span><\/p>\n<ul>\n<li class=\"p1\"><font style=\"vertical-align: inherit;\"><font style=\"vertical-align: inherit;\">Flux de donn\u00e9es en direct<\/font><\/font><\/li>\n<li class=\"p1\"><font style=\"vertical-align: inherit;\"><font style=\"vertical-align: inherit;\">Service client 24h\/24 et 6j\/7<\/font><\/font><\/li>\n<li class=\"p1\"><font style=\"vertical-align: inherit;\"><font style=\"vertical-align: inherit;\">Outils d&rsquo;analyse personnalis\u00e9s<\/font><\/font><\/li>\n<li class=\"p1\"><font style=\"vertical-align: inherit;\"><font style=\"vertical-align: inherit;\">S\u00e9lection de comptes de trading<\/font><\/font><\/li>\n<li class=\"p1\"><font style=\"vertical-align: inherit;\"><font style=\"vertical-align: inherit;\">Diagrammes et graphiques avanc\u00e9s<\/font><\/font><\/li>\n<li class=\"p1\"><font style=\"vertical-align: inherit;\"><font style=\"vertical-align: inherit;\">Gestionnaires de comptes personnels<\/font><\/font><\/li>\n<li class=\"p1\"><font style=\"vertical-align: inherit;\"><font style=\"vertical-align: inherit;\">Gestion de compte simple<\/font><\/font><\/li>\n<li class=\"p1\"><font style=\"vertical-align: inherit;\"><font style=\"vertical-align: inherit;\">D\u00e9p\u00f4ts et retraits rapides<\/font><\/font><\/li>\n<\/ul>\n<\/div>\n<\/section>\n<section style=\"padding-top: 20px; padding-bottom: 20px;\">\n<div class=\"container\">\n<h1 style=\"font-size: 19px; font-weight: 600; color: rgba(0,0,0,.9); margin-bottom: 10px;\"><font style=\"vertical-align: inherit;\"><font style=\"vertical-align: inherit;\">Notre vision<\/font><\/font><\/h1>\n<p class=\"textsize19\"><span style=\"font-weight: 400;\"><font style=\"vertical-align: inherit;\"><font style=\"vertical-align: inherit;\">Nous aspirons \u00e0 faire du trading s\u00e9curis\u00e9 de CFD une r\u00e9alit\u00e9 tangible pour des millions de personnes dans le monde qui ne peuvent pas se permettre les m\u00e9thodes de trading traditionnelles. Gr\u00e2ce \u00e0 notre technologie innovante, nous souhaitons cultiver un environnement financier comp\u00e9tent bas\u00e9 sur la confiance et le respect mutuels entre nous et nos clients.<\/font><\/font><\/span><\/p>\n<\/div>\n<\/section>\n<section style=\"padding-top: 20px; padding-bottom: 20px;\">\n<div class=\"container\">\n<h1 style=\"font-size: 19px; font-weight: 600; color: rgba(0,0,0,.9); margin-bottom: 10px;\"><font style=\"vertical-align: inherit;\"><font style=\"vertical-align: inherit;\">Votre s\u00e9curit\u00e9<\/font><\/font><\/h1>\n<p class=\"textsize19\"><span style=\"font-weight: 400;\"><font style=\"vertical-align: inherit;\"><font style=\"vertical-align: inherit;\">Dans un monde o\u00f9 les institutions financi\u00e8res sont l\u00e9gion, nous sommes fiers d&rsquo;offrir \u00e0 vos fonds la meilleure protection possible \u00e0 tout moment. Votre portefeuille de trading reste s\u00e9curis\u00e9 chez nous car nous adh\u00e9rons \u00e0 une toute nouvelle norme en mati\u00e8re de s\u00e9curit\u00e9 et de s\u00fbret\u00e9 des donn\u00e9es personnelles.<\/font><\/font><\/span><\/p>\n<p><span style=\"font-weight: 400;\" class=\"textsize19\"><font style=\"vertical-align: inherit;\"><font style=\"vertical-align: inherit;\">Tous nos commer\u00e7ants b\u00e9n\u00e9ficient des conditions suivantes :<\/font><\/font><\/span><\/p>\n<ul>\n<li class=\"p1\" style=\"font-weight: 400;\" aria-level=\"1\"><span style=\"font-weight: 400;\"><font style=\"vertical-align: inherit;\"><font style=\"vertical-align: inherit;\">Comptes clients s\u00e9par\u00e9s : vos fonds sont d\u00e9tenus s\u00e9par\u00e9ment des fonds du courtier, garantissant ainsi leur protection par des \u00e9tablissements de cr\u00e9dit de renomm\u00e9e mondiale.<\/font><\/font><\/span><\/li>\n<li class=\"p1\" style=\"font-weight: 400;\" aria-level=\"1\"><span style=\"font-weight: 400;\"><font style=\"vertical-align: inherit;\"><font style=\"vertical-align: inherit;\">Cryptage et protection : En utilisant des mesures de s\u00e9curit\u00e9 et des protocoles de s\u00e9curit\u00e9 tr\u00e8s avanc\u00e9s, nous traitons votre compte avec une confidentialit\u00e9 totale, garantissant que vos transactions et informations priv\u00e9es sont 100 % crypt\u00e9es SSL et stock\u00e9es en toute s\u00e9curit\u00e9.<\/font><\/font><\/span><\/li>\n<li class=\"p1\" style=\"font-weight: 400;\" aria-level=\"1\"><span style=\"font-weight: 400;\"><font style=\"vertical-align: inherit;\"><font style=\"vertical-align: inherit;\">Service client : Nous nous engageons \u00e0 vous fournir une assistance compl\u00e8te dans votre langue maternelle, 24 heures sur 24. Si vous avez des questions ou si vous avez besoin d&rsquo;une assistance technique ou de conseils concernant la gestion de votre compte, n&rsquo;h\u00e9sitez pas \u00e0 contacter notre \u00e9quipe d&rsquo;assistance client \u00e0 tout moment.<\/font><\/font><\/span><\/li>\n<\/ul>\n<p class=\"textsize19\">\n<\/div>\n<\/section>\n<section style=\"padding-bottom: 20px;\">\n<div class=\"container\">\n<h1 style=\"font-size: 19px; font-weight: 600; color: rgba(0,0,0,.9); margin-bottom: 10px;\"><font style=\"vertical-align: inherit;\"><font style=\"vertical-align: inherit;\">Service client<\/font><\/font><\/h1>\n<p class=\"textsize19\"><font style=\"vertical-align: inherit;\"><font style=\"vertical-align: inherit;\">Nous nous engageons \u00e0 vous fournir toute l&rsquo;assistance et le soutien dont vous avez besoin dans votre langue maternelle et 24 heures sur 24. <\/font><\/font><br \/><font style=\"vertical-align: inherit;\"><font style=\"vertical-align: inherit;\"><br \/>\nSi vous avez des questions ou si vous avez besoin d&rsquo;une assistance technique ou de conseils concernant la gestion de votre compte, n&rsquo;h\u00e9sitez pas \u00e0 contacter notre \u00e9quipe d&rsquo;assistance client\u00e8le \u00e0 tout moment.<\/font><\/font><\/p>\n<\/div>\n<\/section>\n","protected":false},"excerpt":{"rendered":"<p>Notre compagnie \u00c0 propos de nous arcticalimited est un courtier mondial multi-actifs qui facilite le trading de CFD sur le Forex, les mati\u00e8res premi\u00e8res, les indices et les actions. Avec plus d&rsquo;une d\u00e9cennie d&rsquo;expertise sur le march\u00e9 et son si\u00e8ge social \u00e0 Sydney, arcticalimited compte plus de 1 000 employ\u00e9s r\u00e9partis dans 30 bureaux \u00e0 [&hellip;]<\/p>\n","protected":false},"author":1,"featured_media":0,"parent":0,"menu_order":0,"comment_status":"closed","ping_status":"closed","template":"","meta":{"footnotes":""},"class_list":["post-696","page","type-page","status-publish","hentry"],"_links":{"self":[{"href":"https:\/\/arcticalimited.com\/fr\/wp-json\/wp\/v2\/pages\/696","targetHints":{"allow":["GET"]}}],"collection":[{"href":"https:\/\/arcticalimited.com\/fr\/wp-json\/wp\/v2\/pages"}],"about":[{"href":"https:\/\/arcticalimited.com\/fr\/wp-json\/wp\/v2\/types\/page"}],"author":[{"embeddable":true,"href":"https:\/\/arcticalimited.com\/fr\/wp-json\/wp\/v2\/users\/1"}],"replies":[{"embeddable":true,"href":"https:\/\/arcticalimited.com\/fr\/wp-json\/wp\/v2\/comments?post=696"}],"version-history":[{"count":3,"href":"https:\/\/arcticalimited.com\/fr\/wp-json\/wp\/v2\/pages\/696\/revisions"}],"predecessor-version":[{"id":699,"href":"https:\/\/arcticalimited.com\/fr\/wp-json\/wp\/v2\/pages\/696\/revisions\/699"}],"wp:attachment":[{"href":"https:\/\/arcticalimited.com\/fr\/wp-json\/wp\/v2\/media?parent=696"}],"curies":[{"name":"wp","href":"https:\/\/api.w.org\/{rel}","templated":true}]}}