{"id":702,"date":"2024-07-09T07:15:26","date_gmt":"2024-07-09T07:15:26","guid":{"rendered":"http:\/\/bnpfx.loc\/?page_id=702"},"modified":"2024-07-09T07:17:13","modified_gmt":"2024-07-09T07:17:13","slug":"aml-policy","status":"publish","type":"page","link":"https:\/\/arcticalimited.com\/fr\/aml-policy\/","title":{"rendered":"Aml Policy"},"content":{"rendered":"<section class=\"fullsize\">\n<div class=\"row\" style=\"margin-top:  100px;margin-bottom:100px;\">\n<div class=\"col-sm-2\">\n<ul class=\"\" style=\"padding-bottom: 50px;\">\n<li class=\" \"><a href=\"\/fr\/terms-and-conditions\/\" class=\"leftmm\"><font style=\"vertical-align: inherit;\"><font style=\"vertical-align: inherit;\">termes et conditions<\/font><\/font><\/a><\/li>\n<li class=\" \"><a href=\"\/fr\/privacy-policy\/\" class=\"leftmm\"><font style=\"vertical-align: inherit;\"><font style=\"vertical-align: inherit;\">politique de confidentialit\u00e9<\/font><\/font><\/a><\/li>\n<li class=\" \"><a href=\"\/fr\/aml-policy\/\" class=\"leftmm\"><font style=\"vertical-align: inherit;\"><font style=\"vertical-align: inherit;\">Politique de lutte contre le blanchiment d\u2019argent<\/font><\/font><\/a><\/li>\n<li class=\"\"><a href=\"\/fr\/kyc-policy\/\" class=\"leftmm\"><font style=\"vertical-align: inherit;\"><font style=\"vertical-align: inherit;\">Politique KYC<\/font><\/font><\/a><\/li>\n<li class=\"\"><a href=\"\/fr\/jurisdiction-policy\/\" class=\"leftmm\"><font style=\"vertical-align: inherit;\"><font style=\"vertical-align: inherit;\">Politique de juridiction<\/font><\/font><\/a><\/li>\n<li class=\"\"><a href=\"\/fr\/withdrawal-policy\/\" class=\"leftmm\"><font style=\"vertical-align: inherit;\"><font style=\"vertical-align: inherit;\">Politique de retrait<\/font><\/font><\/a><\/li>\n<\/ul>\n<\/div>\n<div class=\"col-sm-8\">\n<div class=\"textsize19\">\n<p class=\"p1\"><span class=\"s1\"><b><font style=\"vertical-align: inherit;\"><font style=\"vertical-align: inherit;\">POLITIQUE DE LUTTE CONTRE LE BAIL D&rsquo;ALCOOL<\/font><\/font><\/b><\/span><\/p>\n<p>&nbsp;<\/p>\n<p><font style=\"vertical-align: inherit;\"><font style=\"vertical-align: inherit;\">arcticalimited ne tol\u00e8re pas le blanchiment d&rsquo;argent et soutient la lutte contre les blanchisseurs d&rsquo;argent. arcticalimited suit les directives \u00e9tablies par le Joint Money Laundering Steering Group du Royaume-Uni. Le Royaume-Uni est membre \u00e0 part enti\u00e8re du Groupe d&rsquo;action financi\u00e8re (GAFI), l&rsquo;organisme intergouvernemental dont le but est de lutter contre le blanchiment d&rsquo;argent et le financement du terrorisme.<\/font><\/font><\/p>\n<p><font style=\"vertical-align: inherit;\"><font style=\"vertical-align: inherit;\">arcticalimited a d\u00e9sormais mis en place des politiques visant \u00e0 dissuader les personnes de blanchir de l&rsquo;argent. Ces politiques comprennent :<\/font><\/font><\/p>\n<ul>\n<li><font style=\"vertical-align: inherit;\"><font style=\"vertical-align: inherit;\">s&rsquo;assurer que les clients disposent d&rsquo;une preuve d&rsquo;identit\u00e9 valide<\/font><\/font><\/li>\n<li><font style=\"vertical-align: inherit;\"><font style=\"vertical-align: inherit;\">conserver des registres d&rsquo;informations d&rsquo;identification<\/font><\/font><\/li>\n<li><font style=\"vertical-align: inherit;\"><font style=\"vertical-align: inherit;\">d\u00e9terminer que les clients ne sont pas des terroristes connus ou suspect\u00e9s en v\u00e9rifiant leurs noms par rapport aux listes de terroristes connus ou suspect\u00e9s<\/font><\/font><\/li>\n<li><font style=\"vertical-align: inherit;\"><font style=\"vertical-align: inherit;\">informer les clients que les informations qu&rsquo;ils fournissent peuvent \u00eatre utilis\u00e9es pour v\u00e9rifier leur identit\u00e9<\/font><\/font><\/li>\n<li><font style=\"vertical-align: inherit;\"><font style=\"vertical-align: inherit;\">suivre de pr\u00e8s les transactions financi\u00e8res des clients<\/font><\/font><\/li>\n<li><font style=\"vertical-align: inherit;\"><font style=\"vertical-align: inherit;\">Nous n&rsquo;acceptons pas les esp\u00e8ces, les mandats, les transactions avec des tiers, les virements de bureaux de change ou les virements Western Union.<\/font><\/font><\/li>\n<\/ul>\n<p><font style=\"vertical-align: inherit;\"><font style=\"vertical-align: inherit;\">Le blanchiment d\u2019argent se produit lorsque des fonds provenant d\u2019une activit\u00e9 ill\u00e9gale\/criminelle circulent dans le syst\u00e8me financier de telle mani\u00e8re que l\u2019on puisse croire qu\u2019ils proviennent de sources l\u00e9gitimes.<\/font><\/font><\/p>\n<p><font style=\"vertical-align: inherit;\"><font style=\"vertical-align: inherit;\">Le blanchiment d\u2019argent suit g\u00e9n\u00e9ralement trois \u00e9tapes :<\/font><\/font><\/p>\n<ul>\n<li><font style=\"vertical-align: inherit;\"><font style=\"vertical-align: inherit;\">Premi\u00e8rement, des liquidit\u00e9s ou des \u00e9quivalents de liquidit\u00e9s sont plac\u00e9s dans le syst\u00e8me financier<\/font><\/font><\/li>\n<li><font style=\"vertical-align: inherit;\"><font style=\"vertical-align: inherit;\">deuxi\u00e8mement, l&rsquo;argent est transf\u00e9r\u00e9 ou d\u00e9plac\u00e9 vers d&rsquo;autres comptes (par exemple des comptes \u00e0 terme) via une s\u00e9rie de transactions financi\u00e8res con\u00e7ues pour masquer l&rsquo;origine de l&rsquo;argent (par exemple, l&rsquo;ex\u00e9cution de transactions avec peu ou pas de risque financier ou le transfert de soldes de comptes vers d&rsquo;autres comptes)<\/font><\/font><\/li>\n<li><font style=\"vertical-align: inherit;\"><font style=\"vertical-align: inherit;\">Et enfin, les fonds sont r\u00e9introduits dans l\u2019\u00e9conomie de sorte qu\u2019ils semblent provenir de sources l\u00e9gitimes (par exemple, la fermeture d\u2019un compte \u00e0 terme et le transfert des fonds vers un compte bancaire).<\/font><\/font><\/li>\n<\/ul>\n<p><font style=\"vertical-align: inherit;\"><font style=\"vertical-align: inherit;\">Les comptes de trading sont un moyen qui peut \u00eatre utilis\u00e9 pour blanchir des fonds illicites ou pour cacher le v\u00e9ritable propri\u00e9taire des fonds. En particulier, un compte de trading peut \u00eatre utilis\u00e9 pour ex\u00e9cuter des transactions financi\u00e8res qui contribuent \u00e0 masquer l&rsquo;origine des fonds.<\/font><\/font><\/p>\n<p><font style=\"vertical-align: inherit;\"><font style=\"vertical-align: inherit;\">arcticalimited redirige les retraits de fonds vers la source d&rsquo;origine du transfert, \u00e0 titre pr\u00e9ventif.<\/font><\/font><\/p>\n<p><font style=\"vertical-align: inherit;\"><font style=\"vertical-align: inherit;\">La lutte internationale contre le blanchiment d\u2019argent exige que les institutions de services financiers soient conscientes des abus potentiels de blanchiment d\u2019argent qui pourraient se produire sur le compte d\u2019un client et mettent en \u0153uvre un programme de conformit\u00e9 pour dissuader, d\u00e9tecter et signaler toute activit\u00e9 suspecte potentielle.<\/font><\/font><\/p>\n<p><font style=\"vertical-align: inherit;\"><font style=\"vertical-align: inherit;\">Ces directives ont \u00e9t\u00e9 mises en \u0153uvre pour prot\u00e9ger arcticalimited et ses clients.<\/font><\/font><\/p>\n<p><font style=\"vertical-align: inherit;\"><font style=\"vertical-align: inherit;\">Pour toute question\/commentaire concernant ces directives, veuillez nous contacter <\/font><\/font><a href=\"mailto:support@arcticalimited.com?subject=KYC%20Policies\"><font style=\"vertical-align: inherit;\"><font style=\"vertical-align: inherit;\">\u00e0 support@arcticalimited.com<\/font><\/font><\/a><font style=\"vertical-align: inherit;\"><font style=\"vertical-align: inherit;\"> .<\/font><\/font><\/p>\n<p>&nbsp;<\/p>\n<p>&nbsp;<\/p>\n<\/div>\n<\/div>\n<\/div>\n<\/section>\n","protected":false},"excerpt":{"rendered":"<p>termes et conditions politique de confidentialit\u00e9 Politique de lutte contre le blanchiment d\u2019argent Politique KYC Politique de juridiction Politique de retrait POLITIQUE DE LUTTE CONTRE LE BAIL D&rsquo;ALCOOL &nbsp; arcticalimited ne tol\u00e8re pas le blanchiment d&rsquo;argent et soutient la lutte contre les blanchisseurs d&rsquo;argent. arcticalimited suit les directives \u00e9tablies par le Joint Money Laundering Steering [&hellip;]<\/p>\n","protected":false},"author":1,"featured_media":0,"parent":0,"menu_order":0,"comment_status":"closed","ping_status":"closed","template":"","meta":{"footnotes":""},"class_list":["post-702","page","type-page","status-publish","hentry"],"_links":{"self":[{"href":"https:\/\/arcticalimited.com\/fr\/wp-json\/wp\/v2\/pages\/702","targetHints":{"allow":["GET"]}}],"collection":[{"href":"https:\/\/arcticalimited.com\/fr\/wp-json\/wp\/v2\/pages"}],"about":[{"href":"https:\/\/arcticalimited.com\/fr\/wp-json\/wp\/v2\/types\/page"}],"author":[{"embeddable":true,"href":"https:\/\/arcticalimited.com\/fr\/wp-json\/wp\/v2\/users\/1"}],"replies":[{"embeddable":true,"href":"https:\/\/arcticalimited.com\/fr\/wp-json\/wp\/v2\/comments?post=702"}],"version-history":[{"count":2,"href":"https:\/\/arcticalimited.com\/fr\/wp-json\/wp\/v2\/pages\/702\/revisions"}],"predecessor-version":[{"id":704,"href":"https:\/\/arcticalimited.com\/fr\/wp-json\/wp\/v2\/pages\/702\/revisions\/704"}],"wp:attachment":[{"href":"https:\/\/arcticalimited.com\/fr\/wp-json\/wp\/v2\/media?parent=702"}],"curies":[{"name":"wp","href":"https:\/\/api.w.org\/{rel}","templated":true}]}}