{"id":720,"date":"2024-07-09T07:29:11","date_gmt":"2024-07-09T07:29:11","guid":{"rendered":"http:\/\/bnpfx.loc\/?page_id=720"},"modified":"2024-07-09T07:29:11","modified_gmt":"2024-07-09T07:29:11","slug":"jurisdiction-policy","status":"publish","type":"page","link":"https:\/\/arcticalimited.com\/fr\/jurisdiction-policy\/","title":{"rendered":"Jurisdiction Policy"},"content":{"rendered":"<section class=\"fullsize\">\n<div class=\"row\" style=\"margin-top:  100px;margin-bottom:100px;\">\n<div class=\"col-sm-2\">\n<ul class=\"\" style=\"padding-bottom: 50px;\">\n<li class=\" \"><a href=\"\/fr\/terms-and-conditions\/\" class=\"leftmm\"><font style=\"vertical-align: inherit;\"><font style=\"vertical-align: inherit;\">termes et conditions<\/font><\/font><\/a><\/li>\n<li class=\" \"><a href=\"\/fr\/privacy-policy\/\" class=\"leftmm\"><font style=\"vertical-align: inherit;\"><font style=\"vertical-align: inherit;\">politique de confidentialit\u00e9<\/font><\/font><\/a><\/li>\n<li class=\" \"><a href=\"\/fr\/aml-policy\/\" class=\"leftmm\"><font style=\"vertical-align: inherit;\"><font style=\"vertical-align: inherit;\">Politique de lutte contre le blanchiment d\u2019argent<\/font><\/font><\/a><\/li>\n<li class=\"\"><a href=\"\/fr\/kyc-policy\/\" class=\"leftmm\"><font style=\"vertical-align: inherit;\"><font style=\"vertical-align: inherit;\">Politique KYC<\/font><\/font><\/a><\/li>\n<li class=\"\"><a href=\"\/fr\/jurisdiction-policy\/\" class=\"leftmm\"><font style=\"vertical-align: inherit;\"><font style=\"vertical-align: inherit;\">Politique de juridiction<\/font><\/font><\/a><\/li>\n<li class=\"\"><a href=\"\/fr\/withdrawal-policy\/\" class=\"leftmm\"><font style=\"vertical-align: inherit;\"><font style=\"vertical-align: inherit;\">Politique de retrait<\/font><\/font><\/a><\/li>\n<\/ul>\n<\/div>\n<div class=\"col-sm-8\">\n<div class=\"textsize19\">\n<strong>Politique de juridiction<br \/>\n<\/strong><br \/>\n&nbsp;<\/p>\n<p>Restrictions l\u00e9gales\u00a0: sans limiter les dispositions mentionn\u00e9es ci-dessous, vous comprenez que les lois concernant les contrats financiers varient \u00e0 travers le monde, et il est de votre responsabilit\u00e9 de vous assurer que vous respectez correctement toute loi, r\u00e9glementation ou directive de votre pays de r\u00e9sidence concernant l&rsquo;utilisation du Site. .<\/p>\n<p>Pour \u00e9viter tout doute, la possibilit\u00e9 d&rsquo;acc\u00e9der \u00e0 notre Site ne signifie pas n\u00e9cessairement que nos Services et\/ou vos activit\u00e9s via le Site sont l\u00e9gaux en vertu des lois, r\u00e9glementations ou directives applicables \u00e0 votre pays de r\u00e9sidence.<\/p>\n<\/div>\n<\/div>\n<div style=\"margin-bottom:100px;\"><\/div>\n<\/div>\n<\/section>\n","protected":false},"excerpt":{"rendered":"<p>termes et conditions politique de confidentialit\u00e9 Politique de lutte contre le blanchiment d\u2019argent Politique KYC Politique de juridiction Politique de retrait Politique de juridiction &nbsp; Restrictions l\u00e9gales\u00a0: sans limiter les dispositions mentionn\u00e9es ci-dessous, vous comprenez que les lois concernant les contrats financiers varient \u00e0 travers le monde, et il est de votre responsabilit\u00e9 de vous [&hellip;]<\/p>\n","protected":false},"author":1,"featured_media":0,"parent":0,"menu_order":0,"comment_status":"closed","ping_status":"closed","template":"","meta":{"footnotes":""},"class_list":["post-720","page","type-page","status-publish","hentry"],"_links":{"self":[{"href":"https:\/\/arcticalimited.com\/fr\/wp-json\/wp\/v2\/pages\/720","targetHints":{"allow":["GET"]}}],"collection":[{"href":"https:\/\/arcticalimited.com\/fr\/wp-json\/wp\/v2\/pages"}],"about":[{"href":"https:\/\/arcticalimited.com\/fr\/wp-json\/wp\/v2\/types\/page"}],"author":[{"embeddable":true,"href":"https:\/\/arcticalimited.com\/fr\/wp-json\/wp\/v2\/users\/1"}],"replies":[{"embeddable":true,"href":"https:\/\/arcticalimited.com\/fr\/wp-json\/wp\/v2\/comments?post=720"}],"version-history":[{"count":1,"href":"https:\/\/arcticalimited.com\/fr\/wp-json\/wp\/v2\/pages\/720\/revisions"}],"predecessor-version":[{"id":721,"href":"https:\/\/arcticalimited.com\/fr\/wp-json\/wp\/v2\/pages\/720\/revisions\/721"}],"wp:attachment":[{"href":"https:\/\/arcticalimited.com\/fr\/wp-json\/wp\/v2\/media?parent=720"}],"curies":[{"name":"wp","href":"https:\/\/api.w.org\/{rel}","templated":true}]}}