{"id":723,"date":"2024-07-09T07:30:59","date_gmt":"2024-07-09T07:30:59","guid":{"rendered":"http:\/\/bnpfx.loc\/?page_id=723"},"modified":"2024-07-09T07:31:00","modified_gmt":"2024-07-09T07:31:00","slug":"kyc-policy","status":"publish","type":"page","link":"https:\/\/arcticalimited.com\/fr\/kyc-policy\/","title":{"rendered":"KYC Policy"},"content":{"rendered":"<section class=\"fullsize\">\n<div class=\"row\" style=\"margin-top:  100px;margin-bottom:100px;\">\n<div class=\"col-sm-2\">\n<ul class=\"\" style=\"padding-bottom: 50px;\">\n<li class=\" \"><a href=\"\/fr\/terms-and-conditions\/\" class=\"leftmm\"><font style=\"vertical-align: inherit;\"><font style=\"vertical-align: inherit;\">termes et conditions<\/font><\/font><\/a><\/li>\n<li class=\" \"><a href=\"\/fr\/privacy-policy\/\" class=\"leftmm\"><font style=\"vertical-align: inherit;\"><font style=\"vertical-align: inherit;\">politique de confidentialit\u00e9<\/font><\/font><\/a><\/li>\n<li class=\" \"><a href=\"\/fr\/aml-policy\/\" class=\"leftmm\"><font style=\"vertical-align: inherit;\"><font style=\"vertical-align: inherit;\">Politique de lutte contre le blanchiment d\u2019argent<\/font><\/font><\/a><\/li>\n<li class=\"\"><a href=\"\/fr\/kyc-policy\/\" class=\"leftmm\"><font style=\"vertical-align: inherit;\"><font style=\"vertical-align: inherit;\">Politique KYC<\/font><\/font><\/a><\/li>\n<li class=\"\"><a href=\"\/fr\/jurisdiction-policy\/\" class=\"leftmm\"><font style=\"vertical-align: inherit;\"><font style=\"vertical-align: inherit;\">Politique de juridiction<\/font><\/font><\/a><\/li>\n<li class=\"\"><a href=\"\/fr\/withdrawal-policy\/\" class=\"leftmm\"><font style=\"vertical-align: inherit;\"><font style=\"vertical-align: inherit;\">Politique de retrait<\/font><\/font><\/a><\/li>\n<\/ul>\n<\/div>\n<div class=\"col-sm-8\">\n<div class=\"textsize19\">\n<strong>Politique KYC<\/strong><br \/>\n&nbsp;<\/p>\n<p>Conna\u00eetre vos politiques client est devenu de plus en plus important dans le monde entier ces derniers temps, en particulier parmi les banques et autres institutions financi\u00e8res, afin de pr\u00e9venir le vol d&rsquo;identit\u00e9, le blanchiment d&rsquo;argent, la fraude financi\u00e8re et les activit\u00e9s terroristes.<\/p>\n<p>arcticalimited Trade applique une politique de tol\u00e9rance z\u00e9ro en mati\u00e8re de fraude et prend toutes les mesures possibles pour l&#8217;emp\u00eacher. Toute activit\u00e9 frauduleuse sera document\u00e9e et tous les comptes qui y sont li\u00e9s seront imm\u00e9diatement ferm\u00e9s. Tous les fonds de ces comptes seront perdus.<\/p>\n<p>La pr\u00e9vention:<\/p>\n<p>arcticalimited Trade vise \u00e0 garantir l&rsquo;int\u00e9grit\u00e9 de toutes les donn\u00e9es sensibles qu&rsquo;elle obtient, telles que les informations de votre compte et les transactions que vous effectuez, en utilisant diverses mesures de s\u00e9curit\u00e9 et contr\u00f4les contre la fraude. La s\u00e9curisation de vos transactions \u00e9lectroniques n\u00e9cessite que nous recevions certaines donn\u00e9es vous concernant, notamment votre m\u00e9thode de d\u00e9p\u00f4t pr\u00e9f\u00e9r\u00e9e. Lorsque vous demandez un retrait de votre compte, nous pouvons avoir besoin que vous nous fournissiez une preuve d&rsquo;identit\u00e9 appropri\u00e9e, qui peut inclure les documents suivants (et \u00e9ventuellement d&rsquo;autres)\u00a0:<\/p>\n<p>Copie couleur de votre pi\u00e8ce d&rsquo;identit\u00e9 valide \u00e9mise par le gouvernement (par exemple, passeport, permis de conduire, carte d&rsquo;identit\u00e9).<br \/>\nCopies couleur de vos cartes de cr\u00e9dit\/d\u00e9bit, recto et verso, avec les douze premiers num\u00e9ros couverts, indiquant clairement le nom et la date d&rsquo;expiration au recto ainsi que la signature et le CVV couvert au verso, utilis\u00e9es pour effectuer le d\u00e9p\u00f4t.<br \/>\nCopie d&rsquo;une facture de services publics ou d&rsquo;un relev\u00e9 bancaire r\u00e9cent avec votre nom et votre adresse (datant de moins de 3 mois).<br \/>\nUne copie sign\u00e9e du formulaire \u00ab\u00a0D\u00e9claration de d\u00e9p\u00f4t\u00a0\u00bb. Vous recevrez ce formulaire apr\u00e8s chaque d\u00e9p\u00f4t de support@arcticalimited.com<br \/>\nLes quatre coins des documents doivent \u00eatre clairement visibles sans aucune alt\u00e9ration des documents.<br \/>\nSi le nom n&rsquo;appara\u00eet pas sur la carte, nous avons besoin d&rsquo;une preuve officielle que la carte appartient au client.<\/p>\n<p>Si la carte appartient \u00e0 une autre personne, le titulaire de la carte doit fournir sa pi\u00e8ce d&rsquo;identit\u00e9 et une facture de services publics avant que la v\u00e9rification puisse \u00eatre effectu\u00e9e, et le<br \/>\nLe titulaire de la carte est responsable de signer les formulaires de d\u00e9claration de d\u00e9p\u00f4t confirmant qu&rsquo;un d\u00e9p\u00f4t a \u00e9t\u00e9 effectu\u00e9 avec la carte utilis\u00e9e.<\/p>\n<p>*** Veuillez noter que si un ou tous vos documents sont rejet\u00e9s par arcticalimited Trade Compliance, nous vous demanderons alors de soumettre \u00e0 nouveau les documents.<\/p>\n<p>Si vous avez des questions, n&rsquo;h\u00e9sitez pas \u00e0 contacter notre service client : support@arcticalimited.com<\/p>\n<p>Que se passera-t-il si je ne fournis aucun document ?<\/p>\n<p>Si vous d\u00e9cidez que vous ne souhaitez pas fournir vos documents conform\u00e9ment \u00e0 nos Conditions g\u00e9n\u00e9rales et aux directives de la FCA, nous ne serons peut-\u00eatre pas en mesure de vous offrir le niveau de s\u00e9curit\u00e9 que votre compte m\u00e9rite. Cela retardera \u00e9galement in\u00e9vitablement tout processus de retrait que vous pourriez souhaiter entreprendre, car nous serons oblig\u00e9s de proc\u00e9der \u00e0 une v\u00e9rification priv\u00e9e de vos ant\u00e9c\u00e9dents \u00e0 nos frais, afin de d\u00e9terminer qui vous \u00eates et d&rsquo;\u00eatre assur\u00e9s que les fonds seront correctement cr\u00e9dit\u00e9s sur votre compte. .<\/p>\n<p>Ces contr\u00f4les sont effectu\u00e9s conform\u00e9ment aux r\u00e8gles AML du GAFI. Le Groupe d&rsquo;action financi\u00e8re (GAFI) est un organisme intergouvernemental ind\u00e9pendant qui \u00e9labore et promeut des politiques visant \u00e0 prot\u00e9ger le syst\u00e8me financier mondial contre le blanchiment d&rsquo;argent, le financement du terrorisme et le financement de la prolif\u00e9ration des armes. de destruction massive. Les recommandations du GAFI sont reconnues comme la norme mondiale en mati\u00e8re de lutte contre le blanchiment d\u2019argent (AML) et le financement du terrorisme (CFT).<\/p>\n<p>Vous devez \u00eatre s\u00fbr que vous \u00eates en mesure de confirmer votre identit\u00e9 en fournissant les documents requis. Si vous n&rsquo;y parvenez pas, cela peut emp\u00eacher l&rsquo;activation d&rsquo;un compte chez arcticalimited Trade.<\/p>\n<p>Quand dois-je fournir ces documents ?<\/p>\n<p>Nous suivons les r\u00e9glementations \u00e9nonc\u00e9es par la FCA et la FSA en ce qui concerne la v\u00e9rification documentaire.<\/p>\n<p>Nous appr\u00e9cions grandement que vous preniez le temps de nous fournir tous les documents n\u00e9cessaires dans les plus brefs d\u00e9lais, afin d&rsquo;\u00e9viter tout retard dans le traitement de vos transactions. Nous exigeons la r\u00e9ception de tous les documents n\u00e9cessaires avant d&rsquo;effectuer toute transaction en esp\u00e8ces \u00e0 votre b\u00e9n\u00e9fice. Si vous n&rsquo;avez pas fourni ces documents avant le d\u00e9p\u00f4t, ils doivent \u00eatre fournis le plus rapidement possible apr\u00e8s le d\u00e9p\u00f4t.<\/p>\n<p>Le fait de ne pas fournir de documents n&rsquo;enl\u00e8ve rien au fait que le compte est ouvert d\u00e8s que les fonds ont \u00e9t\u00e9 d\u00e9pos\u00e9s sur votre compte aupr\u00e8s de arcticalimited Trade.<\/p>\n<p>Certaines circonstances peuvent nous obliger \u00e0 demander ces documents avant d&rsquo;autoriser toute autre activit\u00e9 sur votre compte, comme des d\u00e9p\u00f4ts ou des transactions. Veuillez noter que si nous ne recevons pas les documents requis dans notre dossier, vos retraits en attente seront annul\u00e9s et recr\u00e9dit\u00e9s sur votre compte de trading. Nous vous informerons d&rsquo;un tel \u00e9v\u00e9nement via notre syst\u00e8me.<\/p>\n<p>Comment puis-je vous envoyer ces documents ?<\/p>\n<p>Veuillez num\u00e9riser vos documents ou prendre une photo d&rsquo;un appareil photo num\u00e9rique de haute qualit\u00e9, enregistrer les images au format JPEG, puis t\u00e9l\u00e9charger les fichiers et nous les envoyer par courrier \u00e0 support@arcticalimited.com.<\/p>\n<p>Comment puis-je savoir si mes documents sont en s\u00e9curit\u00e9 avec vous\u00a0?<\/p>\n<p>arcticalimited Trade a mis en place une infrastructure de s\u00e9curit\u00e9 tr\u00e8s complexe et consid\u00e8re la s\u00e9curit\u00e9 de la documentation comme notre principale priorit\u00e9. Nous traitons tous les documents re\u00e7us avec le plus grand respect et confidentialit\u00e9. Tous les fichiers que nous obtenons sont prot\u00e9g\u00e9s au niveau de cryptage le plus \u00e9lev\u00e9 possible \u00e0 chaque \u00e9tape du processus d&rsquo;examen.<\/p>\n<p>Nous vous remercions de votre coop\u00e9ration pour nous aider \u00e0 faire de arcticalimited Trade un lieu de trading plus s\u00fbr.<\/p>\n<\/div>\n<\/div>\n<div style=\"margin-bottom:100px;\"><\/div>\n<\/div>\n<\/section>\n","protected":false},"excerpt":{"rendered":"<p>termes et conditions politique de confidentialit\u00e9 Politique de lutte contre le blanchiment d\u2019argent Politique KYC Politique de juridiction Politique de retrait Politique KYC &nbsp; Conna\u00eetre vos politiques client est devenu de plus en plus important dans le monde entier ces derniers temps, en particulier parmi les banques et autres institutions financi\u00e8res, afin de pr\u00e9venir le [&hellip;]<\/p>\n","protected":false},"author":1,"featured_media":0,"parent":0,"menu_order":0,"comment_status":"closed","ping_status":"closed","template":"","meta":{"footnotes":""},"class_list":["post-723","page","type-page","status-publish","hentry"],"_links":{"self":[{"href":"https:\/\/arcticalimited.com\/fr\/wp-json\/wp\/v2\/pages\/723","targetHints":{"allow":["GET"]}}],"collection":[{"href":"https:\/\/arcticalimited.com\/fr\/wp-json\/wp\/v2\/pages"}],"about":[{"href":"https:\/\/arcticalimited.com\/fr\/wp-json\/wp\/v2\/types\/page"}],"author":[{"embeddable":true,"href":"https:\/\/arcticalimited.com\/fr\/wp-json\/wp\/v2\/users\/1"}],"replies":[{"embeddable":true,"href":"https:\/\/arcticalimited.com\/fr\/wp-json\/wp\/v2\/comments?post=723"}],"version-history":[{"count":1,"href":"https:\/\/arcticalimited.com\/fr\/wp-json\/wp\/v2\/pages\/723\/revisions"}],"predecessor-version":[{"id":724,"href":"https:\/\/arcticalimited.com\/fr\/wp-json\/wp\/v2\/pages\/723\/revisions\/724"}],"wp:attachment":[{"href":"https:\/\/arcticalimited.com\/fr\/wp-json\/wp\/v2\/media?parent=723"}],"curies":[{"name":"wp","href":"https:\/\/api.w.org\/{rel}","templated":true}]}}