{"id":735,"date":"2024-07-09T07:34:29","date_gmt":"2024-07-09T07:34:29","guid":{"rendered":"http:\/\/bnpfx.loc\/?page_id=735"},"modified":"2024-07-09T07:34:30","modified_gmt":"2024-07-09T07:34:30","slug":"privacy-policy","status":"publish","type":"page","link":"https:\/\/arcticalimited.com\/fr\/privacy-policy\/","title":{"rendered":"Privacy policy"},"content":{"rendered":"<section class=\"fullsize\">\n<div class=\"row\" style=\"margin-top:  100px;margin-bottom:100px;\">\n<div class=\"col-sm-2\">\n<ul class=\"\" style=\"padding-bottom: 50px;\">\n<li class=\" \"><a href=\"\/fr\/terms-and-conditions\/\" class=\"leftmm\"><font style=\"vertical-align: inherit;\"><font style=\"vertical-align: inherit;\">termes et conditions<\/font><\/font><\/a><\/li>\n<li class=\" \"><a href=\"\/fr\/privacy-policy\/\" class=\"leftmm\"><font style=\"vertical-align: inherit;\"><font style=\"vertical-align: inherit;\">politique de confidentialit\u00e9<\/font><\/font><\/a><\/li>\n<li class=\" \"><a href=\"\/fr\/aml-policy\/\" class=\"leftmm\"><font style=\"vertical-align: inherit;\"><font style=\"vertical-align: inherit;\">Politique AML<\/font><\/font><\/a><\/li>\n<li class=\"\"><a href=\"\/fr\/kyc-policy\/\" class=\"leftmm\"><font style=\"vertical-align: inherit;\"><font style=\"vertical-align: inherit;\">Politique KYC<\/font><\/font><\/a><\/li>\n<li class=\"\"><a href=\"\/fr\/jurisdiction-policy\/\" class=\"leftmm\"><font style=\"vertical-align: inherit;\"><font style=\"vertical-align: inherit;\">Politique de juridiction<\/font><\/font><\/a><\/li>\n<li class=\"\"><a href=\"\/fr\/withdrawal-policy\/\" class=\"leftmm\"><font style=\"vertical-align: inherit;\"><font style=\"vertical-align: inherit;\">Politique de retrait<\/font><\/font><\/a><\/li>\n<\/ul>\n<\/div>\n<div class=\"col-sm-8\">\n<div class=\"textsize19\">\n<strong><font style=\"vertical-align: inherit;\"><font style=\"vertical-align: inherit;\">politique de confidentialit\u00e9<\/font><\/font><\/strong><br \/>\n&nbsp;<\/p>\n<p><strong><font style=\"vertical-align: inherit;\"><font style=\"vertical-align: inherit;\">arcticalimited fait tout son possible pour garantir que la vie priv\u00e9e, la confidentialit\u00e9 et la s\u00e9curit\u00e9 de ses clients soient pr\u00e9serv\u00e9es \u00e0 la fois tout au long de leur interaction avec l&rsquo;entreprise et par la suite, dans toute la mesure possible par l&rsquo;entreprise.<\/font><\/font><\/strong><\/p>\n<ol>\n<li><font style=\"vertical-align: inherit;\"><font style=\"vertical-align: inherit;\">Lorsque les clients s&rsquo;inscrivent sur <\/font><\/font><strong><font style=\"vertical-align: inherit;\"><font style=\"vertical-align: inherit;\">arcticalimited,<\/font><\/font><\/strong><font style=\"vertical-align: inherit;\"><font style=\"vertical-align: inherit;\"> ils reconnaissent leur volont\u00e9 de partager avec la soci\u00e9t\u00e9 certaines informations priv\u00e9es que nous utilisons dans le but de confirmer l&rsquo;identit\u00e9 du client et d&rsquo;assurer la s\u00e9curit\u00e9 de ses d\u00e9p\u00f4ts et de son compte de trading. Ces informations sont collect\u00e9es conform\u00e9ment \u00e0 nos proc\u00e9dures de v\u00e9rification strictes qui sont utilis\u00e9es pour dissuader les op\u00e9rations internationales de blanchiment d&rsquo;argent et pour garantir la s\u00e9curit\u00e9 et la s\u00fbret\u00e9 des activit\u00e9s commerciales de nos clients.<\/font><\/font><\/li>\n<li><font style=\"vertical-align: inherit;\"><font style=\"vertical-align: inherit;\">Nos clients s&rsquo;engagent \u00e0 nous fournir des informations v\u00e9ridiques, mises \u00e0 jour et exactes sur leur identit\u00e9. En outre, ils sont tenus de d\u00e9clarer cat\u00e9goriquement qu&rsquo;ils s&rsquo;enregistrent et n\u00e9gocient pour leur propre compte et qu&rsquo;ils ne cherchent \u00e0 aucun moment \u00e0 agir d&rsquo;une mani\u00e8re qui pourrait \u00eatre consid\u00e9r\u00e9e comme frauduleuse ni qu&rsquo;ils ne cherchent \u00e0 se faire passer pour d&rsquo;autres personnes \u00e0 quelque fin que ce soit.<\/font><\/font><\/li>\n<li><strong><font style=\"vertical-align: inherit;\"><font style=\"vertical-align: inherit;\">Les proc\u00e9dures de collecte de donn\u00e9es de arcticalimited<\/font><\/font><\/strong><font style=\"vertical-align: inherit;\"><font style=\"vertical-align: inherit;\"> incluent la collecte d&rsquo;informations librement divulgu\u00e9es par le client et partag\u00e9es avec la soci\u00e9t\u00e9, en plus du placement de cookies dans le but de collecter des donn\u00e9es sur la mani\u00e8re dont le client interagit avec <\/font><\/font><strong><font style=\"vertical-align: inherit;\"><font style=\"vertical-align: inherit;\">le<\/font><\/font><\/strong><font style=\"vertical-align: inherit;\"><font style=\"vertical-align: inherit;\"> site Web de arcticalimited. Ces outils de collecte d&rsquo;informations sur les clients sont utilis\u00e9s dans le but d&rsquo;assurer la propre s\u00e9curit\u00e9 du client et toutes les donn\u00e9es collect\u00e9es par l&rsquo;entreprise sont partag\u00e9es uniquement avec les personnes au sein de l&rsquo;entreprise qui sont impliqu\u00e9es dans la v\u00e9rification des informations du compte client dans le but expr\u00e8s d&rsquo;assurer la s\u00e9curit\u00e9 du client. confidentialit\u00e9 et s\u00e9curit\u00e9.<\/font><\/font><\/li>\n<li><font style=\"vertical-align: inherit;\"><font style=\"vertical-align: inherit;\">arcticalimited ne divulguera jamais aucune information priv\u00e9e ou autrement confidentielle concernant nos clients et anciens clients \u00e0 des tiers sans le consentement expr\u00e8s et \u00e9crit de nos clients, sauf dans les cas sp\u00e9cifiques o\u00f9 la divulgation est une exigence l\u00e9gale ou est autrement n\u00e9cessaire dans afin d&rsquo;effectuer une analyse de v\u00e9rification de l&rsquo;identit\u00e9 du client dans le but de permettre \u00e0 arcticalimited de prot\u00e9ger son compte et de s\u00e9curiser ses informations personnelles.<\/font><\/font><\/li>\n<li><font style=\"vertical-align: inherit;\"><font style=\"vertical-align: inherit;\">En s&rsquo;inscrivant sur arcticalimited et par l&rsquo;interaction volontaire qu&rsquo;ils entreprennent avec les produits et services arcticalimited, les clients confirment et acceptent qu&rsquo;ils consentent \u00e0 l&rsquo;utilisation de tout ou partie des informations qu&rsquo;ils fournissent concernant leur compte de trading arcticalimited, les transactions qu&rsquo;ils effectuent via celui-ci et les interactions. qu&rsquo;ils effectuent avec l&rsquo;entreprise au nom de l&rsquo;entreprise. Toutes les interactions que le client entreprend avec la soci\u00e9t\u00e9 seront stock\u00e9es par la soci\u00e9t\u00e9 \u00e0 des fins d&rsquo;enregistrement et, en tant que telles, pourront \u00eatre utilis\u00e9es par la soci\u00e9t\u00e9 dans les cas o\u00f9 des litiges surgiraient entre les clients et .<\/font><\/font><\/li>\n<li><font style=\"vertical-align: inherit;\"><font style=\"vertical-align: inherit;\">arcticalimited met tout en \u0153uvre pour assurer la confidentialit\u00e9 des informations personnelles de ses clients, y compris la mise en \u0153uvre de proc\u00e9dures de protection des donn\u00e9es con\u00e7ues pour garantir la confidentialit\u00e9 des clients. arcticalimited veille \u00e0 ce que sa politique de protection des donn\u00e9es soit r\u00e9guli\u00e8rement mise \u00e0 jour afin de garantir que les informations confidentielles des clients soient continuellement prot\u00e9g\u00e9es par arcticalimited.<\/font><\/font><\/li>\n<li><font style=\"vertical-align: inherit;\"><font style=\"vertical-align: inherit;\">De temps \u00e0 autre, arcticalimited peut contacter ses clients, que ce soit par t\u00e9l\u00e9phone ou par courrier \u00e9lectronique, dans le but de leur proposer de plus amples informations sur les transactions sur les march\u00e9s financiers de arcticalimited. En outre, la soci\u00e9t\u00e9 peut, \u00e0 l&rsquo;occasion, chercher \u00e0 contacter des clients, que ce soit par t\u00e9l\u00e9phone ou par courrier \u00e9lectronique, dans le but de les informer des offres promotionnelles uniques propos\u00e9es par arcticalimited pour le client. Les clients consentent \u00e0 la r\u00e9ception d&rsquo;un tel contact lorsqu&rsquo;ils acceptent nos conditions g\u00e9n\u00e9rales d&rsquo;utilisation lors de leur inscription sur arcticalimited. Toute personne souhaitant se d\u00e9sinscrire de tout contact ult\u00e9rieur avec arcticalimited \u00e0 tout moment a le droit de le faire, simplement en contactant la soci\u00e9t\u00e9, que ce soit par t\u00e9l\u00e9phone ou par e-mail, et en demandant qu&rsquo;aucun autre contact ne soit effectu\u00e9 au nom de la soci\u00e9t\u00e9.<\/font><\/font><\/li>\n<\/ol>\n<\/div>\n<\/div>\n<div style=\"margin-bottom:100px;\"><\/div>\n<\/div>\n<\/section>\n","protected":false},"excerpt":{"rendered":"<p>termes et conditions politique de confidentialit\u00e9 Politique AML Politique KYC Politique de juridiction Politique de retrait politique de confidentialit\u00e9 &nbsp; arcticalimited fait tout son possible pour garantir que la vie priv\u00e9e, la confidentialit\u00e9 et la s\u00e9curit\u00e9 de ses clients soient pr\u00e9serv\u00e9es \u00e0 la fois tout au long de leur interaction avec l&rsquo;entreprise et par la [&hellip;]<\/p>\n","protected":false},"author":1,"featured_media":0,"parent":0,"menu_order":0,"comment_status":"closed","ping_status":"closed","template":"","meta":{"footnotes":""},"class_list":["post-735","page","type-page","status-publish","hentry"],"_links":{"self":[{"href":"https:\/\/arcticalimited.com\/fr\/wp-json\/wp\/v2\/pages\/735","targetHints":{"allow":["GET"]}}],"collection":[{"href":"https:\/\/arcticalimited.com\/fr\/wp-json\/wp\/v2\/pages"}],"about":[{"href":"https:\/\/arcticalimited.com\/fr\/wp-json\/wp\/v2\/types\/page"}],"author":[{"embeddable":true,"href":"https:\/\/arcticalimited.com\/fr\/wp-json\/wp\/v2\/users\/1"}],"replies":[{"embeddable":true,"href":"https:\/\/arcticalimited.com\/fr\/wp-json\/wp\/v2\/comments?post=735"}],"version-history":[{"count":1,"href":"https:\/\/arcticalimited.com\/fr\/wp-json\/wp\/v2\/pages\/735\/revisions"}],"predecessor-version":[{"id":736,"href":"https:\/\/arcticalimited.com\/fr\/wp-json\/wp\/v2\/pages\/735\/revisions\/736"}],"wp:attachment":[{"href":"https:\/\/arcticalimited.com\/fr\/wp-json\/wp\/v2\/media?parent=735"}],"curies":[{"name":"wp","href":"https:\/\/api.w.org\/{rel}","templated":true}]}}