{"id":753,"date":"2024-07-09T07:40:44","date_gmt":"2024-07-09T07:40:44","guid":{"rendered":"http:\/\/bnpfx.loc\/?page_id=753"},"modified":"2024-07-09T07:41:09","modified_gmt":"2024-07-09T07:41:09","slug":"withdrawal-policy","status":"publish","type":"page","link":"https:\/\/arcticalimited.com\/fr\/withdrawal-policy\/","title":{"rendered":"Withdrawal Policy"},"content":{"rendered":"<section class=\"fullsize\">\n<div class=\"row\" style=\"margin-top:  100px;margin-bottom:100px;\">\n<div class=\"col-sm-2\">\n<ul class=\"\" style=\"padding-bottom: 50px;\">\n<li class=\" \"><a class=\"leftmm\" href=\"\/fr\/terms-and-conditions\/\"><font style=\"vertical-align: inherit;\"><font style=\"vertical-align: inherit;\">termes et conditions<\/font><\/font><\/a><\/li>\n<li class=\" \"><a class=\"leftmm\" href=\"\/fr\/privacy-policy\/\"><font style=\"vertical-align: inherit;\"><font style=\"vertical-align: inherit;\">politique de confidentialit\u00e9<\/font><\/font><\/a><\/li>\n<li class=\" \"><a class=\"leftmm\" href=\"\/fr\/aml-policy\/\"><font style=\"vertical-align: inherit;\"><font style=\"vertical-align: inherit;\">Politique de lutte contre le blanchiment d\u2019argent<\/font><\/font><\/a><\/li>\n<li class=\"\"><a class=\"leftmm\" href=\"\/fr\/kyc-policy\/\"><font style=\"vertical-align: inherit;\"><font style=\"vertical-align: inherit;\">Politique KYC<\/font><\/font><\/a><\/li>\n<li class=\"\"><a class=\"leftmm\" href=\"\/fr\/jurisdiction-policy\/\"><font style=\"vertical-align: inherit;\"><font style=\"vertical-align: inherit;\">Politique de juridiction<\/font><\/font><\/a><\/li>\n<li class=\"\"><a class=\"leftmm\" href=\"\/fr\/withdrawal-policy\/\"><font style=\"vertical-align: inherit;\"><font style=\"vertical-align: inherit;\">Politique de retrait<\/font><\/font><\/a><\/li>\n<\/ul>\n<\/div>\n<div class=\"col-sm-8\">\n<div class=\"textsize19\">\n<strong>Politique de retrait<br \/>\n<\/strong><br \/>\n&nbsp;<br \/>\nLes clients de arcticalimited Trade peuvent retirer leurs fonds et leurs avantages quand ils en ont besoin. Pour demander un retrait partiel ou total des fonds de votre compte, cliquez sur \u00ab Demande de retrait \u00bb dans votre compte<\/p>\n<p>Veuillez consid\u00e9rer que nous prenons jusqu&rsquo;\u00e0 7 jours ouvrables pour traiter votre demande de retrait.<\/p>\n<p>N&rsquo;h\u00e9sitez pas \u00e0 contacter notre sp\u00e9cialiste du support client si vous avez des questions.<\/p>\n<p>Conform\u00e9ment aux r\u00e8gles et r\u00e9glementations AML g\u00e9n\u00e9ralement acceptables, les retraits doivent \u00eatre effectu\u00e9s uniquement via le m\u00eame compte bancaire ou la m\u00eame carte de cr\u00e9dit\/d\u00e9bit que vous avez utilis\u00e9 pour d\u00e9poser les fonds. De plus, en mati\u00e8re de retraits, le Client peut \u00eatre tenu de pr\u00e9senter des informations et des documents suppl\u00e9mentaires.<\/p>\n<\/div>\n<\/div>\n<div style=\"margin-bottom:100px;\"><\/div>\n<\/div>\n<\/section>\n","protected":false},"excerpt":{"rendered":"<p>termes et conditions politique de confidentialit\u00e9 Politique de lutte contre le blanchiment d\u2019argent Politique KYC Politique de juridiction Politique de retrait Politique de retrait &nbsp; Les clients de arcticalimited Trade peuvent retirer leurs fonds et leurs avantages quand ils en ont besoin. Pour demander un retrait partiel ou total des fonds de votre compte, cliquez [&hellip;]<\/p>\n","protected":false},"author":1,"featured_media":0,"parent":0,"menu_order":0,"comment_status":"closed","ping_status":"closed","template":"","meta":{"footnotes":""},"class_list":["post-753","page","type-page","status-publish","hentry"],"_links":{"self":[{"href":"https:\/\/arcticalimited.com\/fr\/wp-json\/wp\/v2\/pages\/753","targetHints":{"allow":["GET"]}}],"collection":[{"href":"https:\/\/arcticalimited.com\/fr\/wp-json\/wp\/v2\/pages"}],"about":[{"href":"https:\/\/arcticalimited.com\/fr\/wp-json\/wp\/v2\/types\/page"}],"author":[{"embeddable":true,"href":"https:\/\/arcticalimited.com\/fr\/wp-json\/wp\/v2\/users\/1"}],"replies":[{"embeddable":true,"href":"https:\/\/arcticalimited.com\/fr\/wp-json\/wp\/v2\/comments?post=753"}],"version-history":[{"count":2,"href":"https:\/\/arcticalimited.com\/fr\/wp-json\/wp\/v2\/pages\/753\/revisions"}],"predecessor-version":[{"id":756,"href":"https:\/\/arcticalimited.com\/fr\/wp-json\/wp\/v2\/pages\/753\/revisions\/756"}],"wp:attachment":[{"href":"https:\/\/arcticalimited.com\/fr\/wp-json\/wp\/v2\/media?parent=753"}],"curies":[{"name":"wp","href":"https:\/\/api.w.org\/{rel}","templated":true}]}}