{"id":308,"date":"2023-11-09T13:40:20","date_gmt":"2023-11-09T13:40:20","guid":{"rendered":"http:\/\/mib40.loc\/?page_id=308"},"modified":"2023-11-09T13:40:22","modified_gmt":"2023-11-09T13:40:22","slug":"privacy-policy","status":"publish","type":"page","link":"https:\/\/arcticalimited.com\/it\/privacy-policy\/","title":{"rendered":"Privacy policy"},"content":{"rendered":"<section class=\"fullsize\">\n<div class=\"row\" style=\"margin-top:  100px;margin-bottom:100px;\">\n<div class=\"col-sm-2\">\n<ul class=\"\" style=\"padding-bottom: 50px;\">\n<li class=\" \"><a href=\"\/it\/terms-and-conditions\/\" class=\"leftmm\"><font style=\"vertical-align: inherit;\"><font style=\"vertical-align: inherit;\">Termini &amp; Condizioni<\/font><\/font><\/a><\/li>\n<li class=\" \"><a href=\"\/it\/privacy-policy\/\" class=\"leftmm\"><font style=\"vertical-align: inherit;\"><font style=\"vertical-align: inherit;\">politica sulla riservatezza<\/font><\/font><\/a><\/li>\n<li class=\" \"><a href=\"\/it\/aml-policy\/\" class=\"leftmm\"><font style=\"vertical-align: inherit;\"><font style=\"vertical-align: inherit;\">Politica antiriciclaggio<\/font><\/font><\/a><\/li>\n<li class=\"\"><a href=\"\/it\/kyc-policy\/\" class=\"leftmm\"><font style=\"vertical-align: inherit;\"><font style=\"vertical-align: inherit;\">Politica KYC<\/font><\/font><\/a><\/li>\n<li class=\"\"><a href=\"\/it\/jurisdiction-policy\/\" class=\"leftmm\"><font style=\"vertical-align: inherit;\"><font style=\"vertical-align: inherit;\">Politica della giurisdizione<\/font><\/font><\/a><\/li>\n<li class=\"\"><a href=\"\/it\/withdrawal-policy\/\" class=\"leftmm\"><font style=\"vertical-align: inherit;\"><font style=\"vertical-align: inherit;\">Politica di ritiro<\/font><\/font><\/a><\/li>\n<\/ul>\n<\/div>\n<div class=\"col-sm-8\">\n<div class=\"textsize19\">\n<strong><font style=\"vertical-align: inherit;\"><font style=\"vertical-align: inherit;\">politica sulla riservatezza<\/font><\/font><\/strong><br \/>\n&nbsp;<\/p>\n<p><strong><font style=\"vertical-align: inherit;\"><font style=\"vertical-align: inherit;\">arcticalimited fa tutto il possibile per garantire che la privacy, la riservatezza e la sicurezza dei propri clienti siano preservate sia durante la loro interazione con l&#8217;azienda che successivamente, nella misura massima possibile da parte dell&#8217;azienda.<\/font><\/font><\/strong><\/p>\n<ol>\n<li><font style=\"vertical-align: inherit;\"><font style=\"vertical-align: inherit;\">Quando i clienti si registrano su <\/font><\/font><strong><font style=\"vertical-align: inherit;\"><font style=\"vertical-align: inherit;\">arcticalimited<\/font><\/font><\/strong><font style=\"vertical-align: inherit;\"><font style=\"vertical-align: inherit;\"> riconoscono la loro volont\u00e0 di condividere con la societ\u00e0 alcune informazioni private che utilizziamo allo scopo di confermare l&#8217;identit\u00e0 del cliente e garantire la sicurezza dei suoi depositi e del suo conto di trading. <\/font><font style=\"vertical-align: inherit;\">Queste informazioni vengono raccolte in linea con le nostre rigorose procedure di verifica utilizzate per scoraggiare le operazioni internazionali di riciclaggio di denaro e per garantire la sicurezza dell&#8217;attivit\u00e0 di trading dei nostri clienti durante tutta la loro attivit\u00e0.<\/font><\/font><\/li>\n<li><font style=\"vertical-align: inherit;\"><font style=\"vertical-align: inherit;\">I nostri clienti si impegnano a fornirci informazioni veritiere, aggiornate e precise sulla loro identit\u00e0. <\/font><font style=\"vertical-align: inherit;\">Inoltre sono tenuti a dichiarare categoricamente che si registrano e commerciano per proprio conto e non cercano in nessun momento di agire in alcun modo che possa essere considerato fraudolento n\u00e9 cercano di impersonare altri individui per alcuno scopo.<\/font><\/font><\/li>\n<li><strong><font style=\"vertical-align: inherit;\"><font style=\"vertical-align: inherit;\">Le procedure di raccolta dati arcticalimited<\/font><\/font><\/strong><font style=\"vertical-align: inherit;\"><font style=\"vertical-align: inherit;\"> includono la raccolta di informazioni liberamente divulgate dal cliente condivise con la societ\u00e0, oltre al posizionamento di cookie allo scopo di raccogliere dati sul modo in cui il cliente interagisce con il sito web <\/font><\/font><strong><font style=\"vertical-align: inherit;\"><font style=\"vertical-align: inherit;\">arcticalimited<\/font><\/font><\/strong><font style=\"vertical-align: inherit;\"><font style=\"vertical-align: inherit;\"> . <\/font><font style=\"vertical-align: inherit;\">Questi strumenti per la raccolta delle informazioni del cliente vengono utilizzati allo scopo di garantire la sicurezza del cliente e tutti i dati raccolti dalla societ\u00e0 vengono condivisi solo con le persone all&#8217;interno dell&#8217;azienda coinvolte nella verifica delle informazioni sull&#8217;account del cliente allo scopo esplicito di garantire la sicurezza del cliente. riservatezza e sicurezza.<\/font><\/font><\/li>\n<li><font style=\"vertical-align: inherit;\"><font style=\"vertical-align: inherit;\">arcticalimited non divulgher\u00e0 mai a terzi alcuna informazione privata o altrimenti riservata relativa ai nostri clienti ed ex clienti senza il consenso espresso e scritto dei nostri clienti, tranne nei casi specifici in cui la divulgazione \u00e8 un requisito previsto dalla legge, o \u00e8 altrimenti necessaria in al fine di eseguire analisi di verifica sull&#8217;identit\u00e0 del cliente ai fini della tutela del suo account da parte di arcticalimited e della protezione delle sue informazioni personali.<\/font><\/font><\/li>\n<li><font style=\"vertical-align: inherit;\"><font style=\"vertical-align: inherit;\">Registrandosi a arcticalimited e attraverso l&#8217;interazione volontaria che intraprendono con i prodotti e servizi arcticalimited, i clienti confermano e accettano di acconsentire all&#8217;utilizzo di tutte o parte delle informazioni fornite relative al proprio conto di trading arcticalimited, alle transazioni che intraprendono attraverso di esso e alle interazioni che svolgono con la societ\u00e0 per conto della societ\u00e0. <\/font><font style=\"vertical-align: inherit;\">Tutte le interazioni che il cliente intraprende con la societ\u00e0 verranno archiviate dalla societ\u00e0 a scopo di registrazione e come tali potrebbero essere utilizzate dalla societ\u00e0 nei casi in cui sorgano controversie tra clienti e .<\/font><\/font><\/li>\n<li><font style=\"vertical-align: inherit;\"><font style=\"vertical-align: inherit;\">arcticalimited fa tutto il possibile per garantire la riservatezza delle informazioni personali dei propri clienti, inclusa l&#8217;implementazione di procedure di protezione dei dati progettate per garantire la riservatezza dei clienti. <\/font><font style=\"vertical-align: inherit;\">arcticalimited garantisce che la propria politica di protezione dei dati sia regolarmente aggiornata al fine di garantire che le informazioni riservate del cliente siano continuamente custodite da arcticalimited.<\/font><\/font><\/li>\n<li><font style=\"vertical-align: inherit;\"><font style=\"vertical-align: inherit;\">Di tanto in tanto arcticalimited pu\u00f2 contattare i clienti sia telefonicamente che via e-mail allo scopo di offrire loro ulteriori informazioni sulla negoziazione del mercato finanziario arcticalimited. <\/font><font style=\"vertical-align: inherit;\">Inoltre, la societ\u00e0 pu\u00f2, occasionalmente, cercare di contattare i clienti, sia telefonicamente che via e-mail, allo scopo di informarli delle offerte promozionali uniche fornite da arcticalimited per il cliente. <\/font><font style=\"vertical-align: inherit;\">I clienti acconsentono alla ricezione di tale contatto quando acconsentono ai nostri termini e condizioni d&#8217;uso al momento della registrazione a arcticalimited. <\/font><font style=\"vertical-align: inherit;\">Chiunque desideri in qualsiasi momento opporsi ad ogni ulteriore contatto con arcticalimited, potr\u00e0 farlo semplicemente contattando l&#8217;azienda sia telefonicamente che tramite email e richiedendo che non venga effettuato alcun ulteriore contatto da parte dell&#8217;azienda.<\/font><\/font><\/li>\n<\/ol>\n<\/div>\n<\/div>\n<div style=\"margin-bottom:100px;\"><\/div>\n<\/div>\n<\/section>\n","protected":false},"excerpt":{"rendered":"<p>Termini &amp; Condizioni politica sulla riservatezza Politica antiriciclaggio Politica KYC Politica della giurisdizione Politica di ritiro politica sulla riservatezza &nbsp; arcticalimited fa tutto il possibile per garantire che la privacy, la riservatezza e la sicurezza dei propri clienti siano preservate sia durante la loro interazione con l&#8217;azienda che successivamente, nella misura massima possibile da parte [&hellip;]<\/p>\n","protected":false},"author":1,"featured_media":0,"parent":0,"menu_order":0,"comment_status":"closed","ping_status":"closed","template":"","meta":{"footnotes":""},"class_list":["post-308","page","type-page","status-publish","hentry"],"_links":{"self":[{"href":"https:\/\/arcticalimited.com\/it\/wp-json\/wp\/v2\/pages\/308","targetHints":{"allow":["GET"]}}],"collection":[{"href":"https:\/\/arcticalimited.com\/it\/wp-json\/wp\/v2\/pages"}],"about":[{"href":"https:\/\/arcticalimited.com\/it\/wp-json\/wp\/v2\/types\/page"}],"author":[{"embeddable":true,"href":"https:\/\/arcticalimited.com\/it\/wp-json\/wp\/v2\/users\/1"}],"replies":[{"embeddable":true,"href":"https:\/\/arcticalimited.com\/it\/wp-json\/wp\/v2\/comments?post=308"}],"version-history":[{"count":1,"href":"https:\/\/arcticalimited.com\/it\/wp-json\/wp\/v2\/pages\/308\/revisions"}],"predecessor-version":[{"id":309,"href":"https:\/\/arcticalimited.com\/it\/wp-json\/wp\/v2\/pages\/308\/revisions\/309"}],"wp:attachment":[{"href":"https:\/\/arcticalimited.com\/it\/wp-json\/wp\/v2\/media?parent=308"}],"curies":[{"name":"wp","href":"https:\/\/api.w.org\/{rel}","templated":true}]}}